{"id":1142,"date":"2017-08-07T14:30:03","date_gmt":"2017-08-07T14:30:03","guid":{"rendered":"https:\/\/www.puravidauniversity.eu\/uk\/?page_id=1142"},"modified":"2017-08-30T17:13:19","modified_gmt":"2017-08-30T17:13:19","slug":"general-information","status":"publish","type":"page","link":"https:\/\/www.puravidauniversity.eu\/uk\/general-information\/","title":{"rendered":"General Information"},"content":{"rendered":"<h1>General Information<\/h1>\n<p>&nbsp;<\/p>\n<h5>Location\u00a0\u00a0<strong>\u00a0\u00a0<\/strong><\/h5>\n<p>Costa Rica is located in Central America, south of Nicaragua and north of Panama. The western side of the country is boardered by the Pacific Ocean and the eastern side by the Caribbean Sea<\/p>\n<h5>Capital City<\/h5>\n<p style=\"font-family: 'Helvetica Neue', Helvetica, Arial, sans-serif;color: #333333\">San Jos\u00e9<\/p>\n<h5>Population (est.)\u00a0<strong>\u00a0\u00a0\u00a0\u00a0\u00a0\u00a0\u00a0\u00a0\u00a0\u00a0\u00a0\u00a0\u00a0 \u00a0\u00a0\u00a0\u00a0\u00a0\u00a0\u00a0\u00a0\u00a0\u00a0\u00a0<\/strong><\/h5>\n<p>4.8 million<\/p>\n<h5>Language\u00a0<strong>\u00a0\u00a0\u00a0\u00a0\u00a0\u00a0\u00a0\u00a0\u00a0\u00a0\u00a0\u00a0\u00a0\u00a0\u00a0\u00a0\u00a0\u00a0\u00a0\u00a0\u00a0\u00a0\u00a0\u00a0\u00a0\u00a0\u00a0\u00a0\u00a0\u00a0\u00a0\u00a0\u00a0\u00a0\u00a0\u00a0\u00a0\u00a0\u00a0\u00a0\u00a0\u00a0\u00a0<\/strong><\/h5>\n<p>The native language is Spanish and English is spoken throughout various tourist areas of the country<\/p>\n<h5>Climate<strong> \u00a0\u00a0\u00a0\u00a0\u00a0\u00a0\u00a0\u00a0\u00a0\u00a0\u00a0\u00a0\u00a0\u00a0\u00a0\u00a0\u00a0\u00a0\u00a0\u00a0\u00a0\u00a0\u00a0\u00a0\u00a0\u00a0\u00a0\u00a0\u00a0\u00a0\u00a0\u00a0\u00a0\u00a0\u00a0\u00a0\u00a0\u00a0\u00a0\u00a0\u00a0\u00a0\u00a0\u00a0\u00a0\u00a0 <\/strong><\/h5>\n<p>In general, the climate in Costa Rica is very pleasant both in the dry season that extends from December to April as in the rainy season, which covers the months of May to November.\u00a0In the latter, rain is usually expected in the afternoons, while mornings are sunny.<\/p>\n<p>It is a tropical climate with an average temperature of 22\u00ba C that rises considerably in the coastal zones.\u00a0Changes in temperature are constant and because of the short distances of a small country, they can be experienced, \u00a0in a single day.<\/p>\n<p>Due to factors such as geographic location, climatic conditions, formation of mountain ranges, mountains and valleys, this country enjoys different subclimates that give rise to diverse types of vegetation.<\/p>\n<h5>Currency\u00a0\u00a0\u00a0<strong>\u00a0\u00a0\u00a0\u00a0\u00a0\u00a0\u00a0\u00a0\u00a0\u00a0\u00a0\u00a0\u00a0\u00a0\u00a0\u00a0\u00a0\u00a0\u00a0\u00a0\u00a0\u00a0\u00a0\u00a0\u00a0\u00a0\u00a0\u00a0\u00a0\u00a0\u00a0\u00a0\u00a0\u00a0\u00a0\u00a0\u00a0\u00a0\u00a0\u00a0<\/strong><\/h5>\n<p>The national currency is the Costa Rican Colon (CRC), though U.S. dollars and credit cards are widely accepted.<\/p>\n<h5>International Airports<\/h5>\n<p>San Jose: Juan Santamar\u00eda International Airport and Tob\u00edas Bola\u00f1os International Airport<\/p>\n<p>Liberia: Daniel Oduber International Airport<\/p>\n<h5>Airlines<\/h5>\n<p>Flight time from the UK direct is 11 hours<\/p>\n<p>Direct Airlines:<\/p>\n<p>British Airways flies direct to Juan Santamaria International Airport<\/p>\n<p>Thomas Cook flies direct to Daniel Oduber International Airport \u00a0 \u00a0<strong> \u00a0<\/strong><\/p>\n<p>Indirect Airlines: \u00a0<strong> \u00a0 \u00a0 \u00a0 \u00a0 \u00a0 \u00a0 \u00a0 \u00a0 \u00a0 \u00a0 \u00a0 \u00a0 \u00a0 \u00a0<\/strong><\/p>\n<p>American Airlines, Air Canada, Alaska Airlines. Avianca, Aerom\u00e9xico, Delta Air Lines, Iberia, JetBlue, Spirit Airlines, United, U.S. Airways and Westjet<\/p>\n<h5>Entry Requirements\u00a0<strong>\u00a0\u00a0\u00a0\u00a0\u00a0\u00a0\u00a0\u00a0\u00a0\u00a0\u00a0\u00a0\u00a0\u00a0\u00a0\u00a0\u00a0\u00a0\u00a0\u00a0 <\/strong><\/h5>\n<p>UK citizens need a valid passport and VISA is not required<\/p>\n<h5>What To Wear<\/h5>\n<p>Short pants and a T-shirt but \u00a0we recommend a sweater and a light jacket for the evenings as temperatures can drop. \u00a0If you are going to hike through rain forests or cloud forests it is advisable to have long sleeves and lightweight pants. Having a light waterproof jacket and overalls always comes in handy especially when walking through the rain forest or visiting during rain season.<\/p>\n<h5>Do Not Forget<\/h5>\n<p>Insect repellent, comfortable shoes, bathing suit, waterproof clothing, sun protection and sunglasses.<\/p>\n<h5>Vaccination<\/h5>\n<p>None if you travel directly from UK<\/p>\n<h5>Time<\/h5>\n<p>6 hours behind GMT. Schedule does not change in summer.<\/p>\n<h5>Country Dialing Code<\/h5>\n<p>+506<\/p>\n","protected":false},"excerpt":{"rendered":"<p>General Information &nbsp; Location\u00a0\u00a0\u00a0\u00a0 Costa Rica is located in Central America, south of Nicaragua and north of Panama. The western side of the country is boardered by the Pacific Ocean and the eastern side by the Caribbean Sea Capital City &hellip; <a href=\"https:\/\/www.puravidauniversity.eu\/uk\/general-information\/\">Read More<\/a><\/p>\n","protected":false},"author":4,"featured_media":0,"parent":0,"menu_order":0,"comment_status":"closed","ping_status":"closed","template":"","meta":[],"_links":{"self":[{"href":"https:\/\/www.puravidauniversity.eu\/uk\/wp-json\/wp\/v2\/pages\/1142"}],"collection":[{"href":"https:\/\/www.puravidauniversity.eu\/uk\/wp-json\/wp\/v2\/pages"}],"about":[{"href":"https:\/\/www.puravidauniversity.eu\/uk\/wp-json\/wp\/v2\/types\/page"}],"author":[{"embeddable":true,"href":"https:\/\/www.puravidauniversity.eu\/uk\/wp-json\/wp\/v2\/users\/4"}],"replies":[{"embeddable":true,"href":"https:\/\/www.puravidauniversity.eu\/uk\/wp-json\/wp\/v2\/comments?post=1142"}],"version-history":[{"count":10,"href":"https:\/\/www.puravidauniversity.eu\/uk\/wp-json\/wp\/v2\/pages\/1142\/revisions"}],"predecessor-version":[{"id":1258,"href":"https:\/\/www.puravidauniversity.eu\/uk\/wp-json\/wp\/v2\/pages\/1142\/revisions\/1258"}],"wp:attachment":[{"href":"https:\/\/www.puravidauniversity.eu\/uk\/wp-json\/wp\/v2\/media?parent=1142"}],"curies":[{"name":"wp","href":"https:\/\/api.w.org\/{rel}","templated":true}]}}