{"id":1142,"date":"2017-08-07T14:30:03","date_gmt":"2017-08-07T14:30:03","guid":{"rendered":"https:\/\/www.puravidauniversity.eu\/nl\/?page_id=1142"},"modified":"2020-05-01T14:32:24","modified_gmt":"2020-05-01T14:32:24","slug":"algemene-informatie","status":"publish","type":"page","link":"https:\/\/www.puravidauniversity.eu\/nl\/algemene-informatie\/","title":{"rendered":"Algemene Informatie"},"content":{"rendered":"<h1>Algemene Informatie<\/h1>\n<h5>Locatie\u00a0 <strong>\u00a0\u00a0<\/strong><\/h5>\n<p>Costa Rica ligt in Midden-Amerika, ten zuiden van Nicaragua en ten noorden van Panama. De westkant van het land wordt begrensd door de Stille Oceaan en de oostkant door de Caribische Zee.<\/p>\n<h5>Hoofdstad<\/h5>\n<p>San Jose<\/p>\n<h5>Populatie (est.) <strong>\u00a0\u00a0\u00a0\u00a0\u00a0\u00a0\u00a0\u00a0\u00a0\u00a0\u00a0\u00a0\u00a0 \u00a0\u00a0\u00a0\u00a0\u00a0\u00a0\u00a0\u00a0\u00a0\u00a0\u00a0<\/strong><\/h5>\n<p>5 miljoen<\/p>\n<h5>Taal <strong>\u00a0\u00a0\u00a0\u00a0\u00a0\u00a0\u00a0\u00a0\u00a0\u00a0\u00a0\u00a0\u00a0\u00a0\u00a0\u00a0\u00a0\u00a0\u00a0\u00a0\u00a0\u00a0\u00a0\u00a0\u00a0\u00a0\u00a0\u00a0\u00a0\u00a0\u00a0\u00a0\u00a0\u00a0\u00a0\u00a0\u00a0\u00a0\u00a0\u00a0\u00a0\u00a0\u00a0<\/strong><\/h5>\n<p>De moedertaal is Spaans en Engels wordt gesproken in verschillende toeristische gebieden van het land.<\/p>\n<h5>Klimaat<strong>\u00a0 \u00a0 \u00a0 \u00a0 \u00a0 \u00a0 \u00a0 \u00a0 \u00a0 \u00a0 \u00a0 \u00a0 \u00a0 \u00a0 \u00a0 \u00a0 \u00a0 \u00a0 \u00a0 \u00a0 \u00a0 \u00a0 \u00a0 \u00a0<\/strong><\/h5>\n<p>Over het algemeen is het klimaat in Costa Rica zeer aangenaam, zowel in het droge seizoen dat loopt van december tot april als in het regenseizoen, dat de maanden mei tot november beslaat. In het laatste geval wordt meestal &#8216;s middags regen verwacht, terwijl de ochtenden zonnig zijn.<\/p>\n<p>Het is een tropisch klimaat met een gemiddelde temperatuur van 22\u00ba C dat flink oploopt in de kustgebieden. Veranderingen in temperatuur zijn constant en vanwege de korte afstanden van het klein land kunnen deze op \u00e9\u00e9n dag worden ervaren.<\/p>\n<p>Door factoren zoals geografische ligging, klimatologische omstandigheden, vorming van bergketens, bergen en valleien, geniet dit land van verschillende subklimaten die aanleiding geven tot diverse soorten vegetatie.<\/p>\n<h5>Valuta\u00a0 \u00a0<strong>\u00a0\u00a0\u00a0\u00a0\u00a0\u00a0\u00a0\u00a0\u00a0\u00a0\u00a0\u00a0\u00a0\u00a0\u00a0\u00a0\u00a0\u00a0\u00a0\u00a0\u00a0\u00a0\u00a0\u00a0\u00a0\u00a0\u00a0\u00a0\u00a0\u00a0\u00a0\u00a0\u00a0\u00a0\u00a0\u00a0\u00a0\u00a0\u00a0\u00a0<\/strong><\/h5>\n<p>De nationale valuta is de Costa Ricaanse Colon (CRC), hoewel Amerikaanse dollars en creditcards algemeen worden geaccepteerd.<\/p>\n<h5>Internationale luchthavens<\/h5>\n<p>San Jose: Juan Santamar\u00eda International Airport en Tob\u00edas Bola\u00f1os International Airport<\/p>\n<p>Liberia: Daniel Oduber International Airport<\/p>\n<h5>Luchtvaartmaatschappijen<\/h5>\n<p>Vluchttijd vanaf Amsterdam is ongeveer 11 uur<\/p>\n<p><span style=\"text-decoration: underline;\">Directe vluchten:<\/span><\/p>\n<p>KLM in hoogseizoen<\/p>\n<p><span style=\"text-decoration: underline;\">Indirecte vluchten:<\/span> \u00a0<strong> \u00a0 \u00a0 \u00a0 \u00a0 \u00a0 \u00a0 \u00a0 \u00a0 \u00a0 \u00a0 \u00a0 \u00a0 \u00a0 \u00a0<\/strong><\/p>\n<p>O.a: KLM\u00a0 (buiten hoogseizoen), Air France,\u00a0 Delta, United Airlines, Lufthansa, Copa, Swiss, Air Canada, Aerom\u00e9xico en British Airways<\/p>\n<h5>Toelatingseisen<strong>\u00a0 \u00a0 \u00a0 \u00a0 \u00a0 \u00a0 \u00a0 \u00a0 \u00a0 \u00a0\u00a0<\/strong><\/h5>\n<p>Nederlandse burgers hebben een geldig paspoort nodig, een visum is niet vereist.<\/p>\n<h5>Kleding<\/h5>\n<p>Een korte broek en een T-shirt, maar we raden een trui en een lichte jas aan voor de avonden, omdat de temperatuur kan dalen. Als je door regenwouden of nevelwouden gaat wandelen is het aan te raden om lange mouwen en lichtgewicht broeken te dragen. Het hebben van een lichte waterdichte jas en overall is altijd handig, vooral als je door het regenwoud loopt of tijdens het regenseizoen Costa Rica bezoekt.<\/p>\n<h5>Niet vergeten<\/h5>\n<p>Insectenwerend middel, comfortabele schoenen, badkleding, waterdichte kleding, zonbescherming en een zonnebril.<\/p>\n<h5>Vaccinaties<\/h5>\n<p>Geen als je direct vanuit Nederland reist.<\/p>\n<h5>Tijd<\/h5>\n<p>\u2013 Tijdens onze zomertijd is het in Costa Rica 8 uur vroeger.<br \/>\n\u2013 Tijdens onze wintertijd is het in Costa Rica 7 uur vroeger.<\/p>\n<h5>Landnummer<\/h5>\n<p>+506<\/p>\n","protected":false},"excerpt":{"rendered":"<p>Algemene Informatie Locatie\u00a0 \u00a0\u00a0 Costa Rica ligt in Midden-Amerika, ten zuiden van Nicaragua en ten noorden van Panama. De westkant van het land wordt begrensd door de Stille Oceaan en de oostkant door de Caribische Zee. Hoofdstad San Jose Populatie &hellip; <a href=\"https:\/\/www.puravidauniversity.eu\/nl\/algemene-informatie\/\">Read More<\/a><\/p>\n","protected":false},"author":6,"featured_media":0,"parent":0,"menu_order":0,"comment_status":"closed","ping_status":"closed","template":"","meta":[],"_links":{"self":[{"href":"https:\/\/www.puravidauniversity.eu\/nl\/wp-json\/wp\/v2\/pages\/1142"}],"collection":[{"href":"https:\/\/www.puravidauniversity.eu\/nl\/wp-json\/wp\/v2\/pages"}],"about":[{"href":"https:\/\/www.puravidauniversity.eu\/nl\/wp-json\/wp\/v2\/types\/page"}],"author":[{"embeddable":true,"href":"https:\/\/www.puravidauniversity.eu\/nl\/wp-json\/wp\/v2\/users\/6"}],"replies":[{"embeddable":true,"href":"https:\/\/www.puravidauniversity.eu\/nl\/wp-json\/wp\/v2\/comments?post=1142"}],"version-history":[{"count":17,"href":"https:\/\/www.puravidauniversity.eu\/nl\/wp-json\/wp\/v2\/pages\/1142\/revisions"}],"predecessor-version":[{"id":1844,"href":"https:\/\/www.puravidauniversity.eu\/nl\/wp-json\/wp\/v2\/pages\/1142\/revisions\/1844"}],"wp:attachment":[{"href":"https:\/\/www.puravidauniversity.eu\/nl\/wp-json\/wp\/v2\/media?parent=1142"}],"curies":[{"name":"wp","href":"https:\/\/api.w.org\/{rel}","templated":true}]}}