{"id":875,"date":"2016-11-30T09:48:09","date_gmt":"2016-11-30T09:48:09","guid":{"rendered":"https:\/\/www.puravidauniversity.eu\/fr\/?page_id=875"},"modified":"2020-05-27T14:49:16","modified_gmt":"2020-05-27T14:49:16","slug":"videos","status":"publish","type":"page","link":"https:\/\/www.puravidauniversity.eu\/fr\/videos\/","title":{"rendered":"Vid\u00e9os"},"content":{"rendered":"<h1><span style=\"color: #8f9900;\">Vid\u00e9os<\/span><\/h1>\n<h4><span style=\"color: #8f9900;\">Le Costa Rica vu du ciel.\u00a0<\/span><\/h4>\n<p>Le Costa Rica vous attend ! Prenez de la hauteur et d\u00e9couvrez des paysages extraordinaires avec cette nouvelle vid\u00e9o du Costa Rica. Des plages paradisiaques, aux for\u00eats tropicales en passant par des cascades magnifiques, le Costa Rica plaira aux petits et aux grands.<\/p>\n<p><iframe title=\"Costa Rica 4K\" width=\"940\" height=\"529\" src=\"https:\/\/www.youtube.com\/embed\/psZc1x1TQNI?feature=oembed\" frameborder=\"0\" allow=\"accelerometer; autoplay; encrypted-media; gyroscope; picture-in-picture\" allowfullscreen><\/iframe><\/p>\n<h4><span style=\"color: #8f9900;\">Costa Rica Aventure<\/span><\/h4>\n<p>Terre d\u2019aventure, le Costa Rica est la destination id\u00e9ale pour faire le plein de sensations fortes dans un d\u00e9cor de r\u00eave. Le pays tout entier se pr\u00eate au d\u00e9passement de soi\u00a0: son littoral, o\u00f9 les amateurs de plong\u00e9e nagent aux c\u00f4t\u00e9s de poissons multicolores et o\u00f9 l\u2019on peut pratiquer \u00e0 la fois la p\u00eache, le surf et le kite surf, mais aussi ses for\u00eats verdoyantes qui se visitent \u00e0 cheval et en VTT, ou qui s\u2019explorent \u00e0 l\u2019occasion d\u2019une inoubliable session de rafting, de canyoning ou encore de tyrolienne.<\/p>\n<p><iframe title=\"Explore the Happiness of Adventure\" width=\"940\" height=\"529\" src=\"https:\/\/www.youtube.com\/embed\/o4n2ngdzi38?feature=oembed\" frameborder=\"0\" allow=\"accelerometer; autoplay; encrypted-media; gyroscope; picture-in-picture\" allowfullscreen><\/iframe><\/p>\n<hr \/>\n<h4><span style=\"color: #8f9900;\">Costa Rica Culture<\/span><\/h4>\n<p>Fiers de leur culture et de leurs traditions, les Costariciens sont heureux de les partager avec les visiteurs. De nombreux monuments historiques et \u00e9difices religieux t\u00e9moignent de la riche histoire du pays, de son artisanat et de ses savoir-faire ancestraux, que les communaut\u00e9s indig\u00e8nes perp\u00e9tuent avec autant de passion que de talent. De l&rsquo;architecture aux musiques traditionnelles, des \u00e9glises aux mus\u00e9es, le patrimoine culturel du Costa Rica surprend par son incroyable diversit\u00e9.<\/p>\n<p><iframe title=\"Explore the Happiness of Culture\" width=\"940\" height=\"529\" src=\"https:\/\/www.youtube.com\/embed\/M51mmbsF0sM?feature=oembed\" frameborder=\"0\" allow=\"accelerometer; autoplay; encrypted-media; gyroscope; picture-in-picture\" allowfullscreen><\/iframe><\/p>\n<hr \/>\n<h4><span style=\"color: #8f9900;\">Costa Rica Nature<\/span><\/h4>\n<p>Le Costa Rica est un concentr\u00e9 de nature, qui r\u00e9serve aux passionn\u00e9s de la faune et de la flore des \u00e9motions uniques. La diversit\u00e9 des esp\u00e8ces animales et v\u00e9g\u00e9tales qui peuplent le pays est exceptionnelle. Oiseaux, f\u00e9lins, primates, c\u00e9tac\u00e9s et plantes m\u00e9connues font la richesse de cet \u00e9cosyst\u00e8me et la joie de ceux qui le d\u00e9couvrent. Plonger, randonner, naviguer \u00e0 la rencontre de cette vie foisonnante&#8230; C\u2019est \u00e7a, explorer le bonheur de la nature.<\/p>\n<p><iframe title=\"Explore the Happiness of Nature\" width=\"940\" height=\"529\" src=\"https:\/\/www.youtube.com\/embed\/jpwOcqn2nro?feature=oembed\" frameborder=\"0\" allow=\"accelerometer; autoplay; encrypted-media; gyroscope; picture-in-picture\" allowfullscreen><\/iframe><\/p>\n<hr \/>\n<h4><span style=\"color: #8f9900;\">Costa Rica Bien-\u00eatre<\/span><\/h4>\n<p>Au Costa Rica, m\u00eame les plus infatigables voyageurs parviennent \u00e0 l\u00e2cher prise. Ses paysages f\u00e9\u00e9riques sont une irr\u00e9sistible invitation \u00e0 se d\u00e9tendre et \u00e0 ressourcer. Ici, le bien-\u00eatre n\u2019est pas une option touristique\u00a0: c\u2019est un art de vivre que les visiteurs de tous horizons adoptent avec bonheur. Yoga et m\u00e9ditation, spas et piscines naturelles, golf et \u00e9quitation, plong\u00e9e et navigation&#8230; Cette destination bienfaisante offre mille et une occasions d\u2019\u00a0\u00ab\u00a0explorer le bonheur de la relaxation\u00a0\u00bb.<\/p>\n<p><iframe title=\"Explore the Happiness of Relaxation\" width=\"940\" height=\"529\" src=\"https:\/\/www.youtube.com\/embed\/fX8VzYADRdc?feature=oembed\" frameborder=\"0\" allow=\"accelerometer; autoplay; encrypted-media; gyroscope; picture-in-picture\" allowfullscreen><\/iframe><\/p>\n<hr \/>\n<h4><span style=\"color: #8f9900;\">La P\u00e9ninsule d&rsquo;Osa &#8211; Costa Rica<\/span><\/h4>\n<p>R\u00e9alisateur de films, Tolt le \u00ab\u00a0globe tolteur\u00a0\u00bb signe une vid\u00e9o grandiose sur la p\u00e9ninsule d\u2019Osa et le parc national du Corcovado, l\u2019une des r\u00e9gions les plus pr\u00e9serv\u00e9es du Costa Rica. L\u2019occasion de d\u00e9couvrir ou red\u00e9couvrir son incroyable diversit\u00e9 en survolant ses for\u00eats denses, ses arbres aux dimensions spectaculaires et ses plages d\u00e9sertes, qui sont autant d\u2019habitats naturels pour les nombreuses esp\u00e8ces animales, rares et\/ou menac\u00e9es, qui viennent profiter de cette nature intacte.<\/p>\n<p><a href=\"https:\/\/www.facebook.com\/GlobeTolter\/\">https:\/\/www.facebook.com\/GlobeTolter\/\u00a0<\/a><\/p>\n<div id=\"fb-root\"><\/div>\n<p><script async=\"1\" defer=\"1\" crossorigin=\"anonymous\" src=\"https:\/\/connect.facebook.net\/fr_FR\/sdk.js#xfbml=1&amp;version=v7.0\"><\/script><\/p>\n<div class=\"fb-video\" data-href=\"https:\/\/www.facebook.com\/GlobeTolter\/videos\/vb.1405897813066681\/1864061123917012\/?type=2&amp;theater\" data-width=\"940\">\n<blockquote cite=\"https:\/\/www.facebook.com\/GlobeTolter\/videos\/1864061123917012\/\" class=\"fb-xfbml-parse-ignore\"><p><a href=\"https:\/\/www.facebook.com\/GlobeTolter\/videos\/1864061123917012\/\">Costa Rica, Osa peninsula<\/a><\/p>\n<p>? Preuve que le Costa Rica abrite une biodiversit\u00e9 exceptionnelle ??Plus d&#039;infos dans le Grands Reportages de Juin.Pour essayer d&#039;en gagner un, c&#039;est tr\u00e8s simple :- Like la page Grands Reportages- Tag la personne avec qui tu as le plus envie de partir en voyage<\/p>\n<p>Publi\u00e9e par <a href=\"https:\/\/www.facebook.com\/GlobeTolter\/\">Tolt around the world<\/a> sur Mardi 13 juin 2017<\/p><\/blockquote>\n<\/div>\n","protected":false},"excerpt":{"rendered":"<p>Vid\u00e9os Le Costa Rica vu du ciel.\u00a0 Le Costa Rica vous attend ! Prenez de la hauteur et d\u00e9couvrez des paysages extraordinaires avec cette nouvelle vid\u00e9o du Costa Rica. Des plages paradisiaques, aux for\u00eats tropicales en passant par des cascades &hellip; <a href=\"https:\/\/www.puravidauniversity.eu\/fr\/videos\/\">Lire la suite<\/a><\/p>\n","protected":false},"author":1,"featured_media":0,"parent":0,"menu_order":0,"comment_status":"closed","ping_status":"closed","template":"","meta":[],"_links":{"self":[{"href":"https:\/\/www.puravidauniversity.eu\/fr\/wp-json\/wp\/v2\/pages\/875"}],"collection":[{"href":"https:\/\/www.puravidauniversity.eu\/fr\/wp-json\/wp\/v2\/pages"}],"about":[{"href":"https:\/\/www.puravidauniversity.eu\/fr\/wp-json\/wp\/v2\/types\/page"}],"author":[{"embeddable":true,"href":"https:\/\/www.puravidauniversity.eu\/fr\/wp-json\/wp\/v2\/users\/1"}],"replies":[{"embeddable":true,"href":"https:\/\/www.puravidauniversity.eu\/fr\/wp-json\/wp\/v2\/comments?post=875"}],"version-history":[{"count":34,"href":"https:\/\/www.puravidauniversity.eu\/fr\/wp-json\/wp\/v2\/pages\/875\/revisions"}],"predecessor-version":[{"id":2152,"href":"https:\/\/www.puravidauniversity.eu\/fr\/wp-json\/wp\/v2\/pages\/875\/revisions\/2152"}],"wp:attachment":[{"href":"https:\/\/www.puravidauniversity.eu\/fr\/wp-json\/wp\/v2\/media?parent=875"}],"curies":[{"name":"wp","href":"https:\/\/api.w.org\/{rel}","templated":true}]}}