{"id":782,"date":"2016-11-17T19:03:09","date_gmt":"2016-11-17T19:03:09","guid":{"rendered":"https:\/\/www.puravidauniversity.eu\/fr\/?page_id=782"},"modified":"2017-09-25T09:15:09","modified_gmt":"2017-09-25T09:15:09","slug":"rendez-vous-pro","status":"publish","type":"page","link":"https:\/\/www.puravidauniversity.eu\/fr\/rendez-vous-pro\/","title":{"rendered":"Vos rendez-vous pro"},"content":{"rendered":"<h1><span style=\"color: #8f9900\">Vos rendez-vous pro<\/span><\/h1>\n<p>&nbsp;<\/p>\n<h4><strong>Le roadshow Costa Rica plac\u00e9 sous le signe de la \u00ab Pura Vida \u00bb s\u2019installe en France du 2 au 4 octobre 2017<\/strong><\/h4>\n<p>L\u2019Institut Costaricien du Tourisme (ICT) organise son tout premier roadshow en France du 2 au 4 octobre 2017. Il passera par les villes de Strasbourg, Lille et Nantes. Il s\u2019agit d\u2019une grande premi\u00e8re en France pour l\u2019ICT qui organise son tout premier roadshow \u00ab Pura Vida \u00bb sur la destination. A l\u2019occasion de cet \u00e9v\u00e8nement, le Costa Rica sera \u00e0 l\u2019honneur le 2 octobre au Biocluster les Haras de Strasbourg, le 3 octobre \u00e0 l\u2019espace Inkermann de Lille et le 4 octobre aux Studios de l\u2019\u00eele \u00e0 Nantes&#8230; <a href=\"https:\/\/www.puravidauniversity.eu\/fr\/roadshow-costa-rica\/\">En savoir plus<\/a><\/p>\n<hr \/>\n<h4><strong>Le deuxi\u00e8me d\u00e9jeuner COTAL du Costa Rica a remport\u00e9 un franc succ\u00e8s<\/strong><\/h4>\n<p>Le mercredi 28 juin le Costa Rica a organis\u00e9 son deuxi\u00e8me d\u00e9jeuner COTAL\u00a0: une vraie r\u00e9ussite\u00a0! A cette occasion, l\u2019ICT (L\u2019Institut Costaricien du Tourisme) a fait une pr\u00e9sentation compl\u00e8te de la destination, allant de l\u2019actualit\u00e9 touristique \u00e0 la strat\u00e9gie du pays&#8230;<a href=\"https:\/\/www.puravidauniversity.eu\/fr\/costa-rica-dejeuner-cotal\/\">En savoir plus<\/a><\/p>\n<hr \/>\n<h4><strong>Eductour D\u00e9couverte du Costa Rica<\/strong><\/h4>\n<p>Le Costa Rica, j\u2019en ai toujours r\u00eav\u00e9, le pays pionnier dans le respect de l\u2019environnement \u00e0 la v\u00e9g\u00e9tation luxuriante faisait partie de ma \u00ab\u00a0whish list\u00a0\u00bb de voyages longs courriers depuis pas mal de temps. C\u2019est donc avec beaucoup d\u2019enthousiasme et de surprise que je suis partie, plus rapidement que pr\u00e9vu, accompagner un \u00e9ductour au pays des \u00ab\u00a0ticos\u00a0\u00bb&#8230;<a href=\"https:\/\/www.puravidauniversity.eu\/fr\/fam-trip-pvu\/\">En savoir plus<\/a><\/p>\n<hr \/>\n<h4><strong>Paris aux couleurs du Costa Rica<\/strong><\/h4>\n<p>Remise des dipl\u00f4mes de l\u2019Universit\u00e9 de la Pura Vida qui a r\u00e9uni plus de 100 personnes le 13 d\u00e9cembre 2016.<\/p>\n<p>Mardi 13 d\u00e9cembre 2016, au sein d\u2019une galerie d\u2019art proche du Carreau du Temple, l\u2019Institut Costaricien du Tourisme (ICT) a remerci\u00e9 l\u2019ensemble des professionnels du tourisme et de la presse pour leur accompagnement cette ann\u00e9e, qui a largement contribu\u00e9 \u00e0 l\u2019envol\u00e9e de la destination sur le march\u00e9 fran\u00e7ais&#8230;<a href=\"https:\/\/www.puravidauniversity.eu\/fr\/remise-diplomes\/\">En savoir plus<\/a><\/p>\n","protected":false},"excerpt":{"rendered":"<p>Vos rendez-vous pro &nbsp; Le roadshow Costa Rica plac\u00e9 sous le signe de la \u00ab Pura Vida \u00bb s\u2019installe en France du 2 au 4 octobre 2017 L\u2019Institut Costaricien du Tourisme (ICT) organise son tout premier roadshow en France du &hellip; <a href=\"https:\/\/www.puravidauniversity.eu\/fr\/rendez-vous-pro\/\">Lire la suite<\/a><\/p>\n","protected":false},"author":1,"featured_media":0,"parent":0,"menu_order":0,"comment_status":"closed","ping_status":"closed","template":"template-blog.php","meta":[],"_links":{"self":[{"href":"https:\/\/www.puravidauniversity.eu\/fr\/wp-json\/wp\/v2\/pages\/782"}],"collection":[{"href":"https:\/\/www.puravidauniversity.eu\/fr\/wp-json\/wp\/v2\/pages"}],"about":[{"href":"https:\/\/www.puravidauniversity.eu\/fr\/wp-json\/wp\/v2\/types\/page"}],"author":[{"embeddable":true,"href":"https:\/\/www.puravidauniversity.eu\/fr\/wp-json\/wp\/v2\/users\/1"}],"replies":[{"embeddable":true,"href":"https:\/\/www.puravidauniversity.eu\/fr\/wp-json\/wp\/v2\/comments?post=782"}],"version-history":[{"count":18,"href":"https:\/\/www.puravidauniversity.eu\/fr\/wp-json\/wp\/v2\/pages\/782\/revisions"}],"predecessor-version":[{"id":1602,"href":"https:\/\/www.puravidauniversity.eu\/fr\/wp-json\/wp\/v2\/pages\/782\/revisions\/1602"}],"wp:attachment":[{"href":"https:\/\/www.puravidauniversity.eu\/fr\/wp-json\/wp\/v2\/media?parent=782"}],"curies":[{"name":"wp","href":"https:\/\/api.w.org\/{rel}","templated":true}]}}