{"id":744,"date":"2016-11-17T18:20:26","date_gmt":"2016-11-17T18:20:26","guid":{"rendered":"https:\/\/www.puravidauniversity.eu\/fr\/?page_id=744"},"modified":"2017-09-21T13:52:28","modified_gmt":"2017-09-21T13:52:28","slug":"a-propos","status":"publish","type":"page","link":"https:\/\/www.puravidauniversity.eu\/fr\/a-propos\/","title":{"rendered":"A propos"},"content":{"rendered":"<p>&nbsp;<\/p>\n<h1 style=\"color: #5596aa;text-align: left\"><span style=\"color: #8f993e\">A propos de la PVU<\/span><\/h1>\n<p>&nbsp;<\/p>\n<p>&nbsp;<\/p>\n<p>La Pura Vida University est une initiative europ\u00e9enne de l&rsquo;Institut Costaricien du Tourisme (ICT) afin de fournir des informations sur la destination utiles \u00e0 l\u2019industrie touristique et aux m\u00e9dias europ\u00e9ens.<\/p>\n<p>Depuis sa cr\u00e9ation, la Pura Vida University rassemble toute l&rsquo;information et les activit\u00e9s li\u00e9es \u00e0 la destination afin d&rsquo;aider les agents de voyages et la presse \u00e0 mieux comprendre l&rsquo;essence du Costa Rica. Sur le site de Pura Vida University vous trouverez des nouvelles, les \u00e9v\u00e9nements \u00e0 venir, des e-learning et beaucoup d&rsquo;autres choses pour faire de vous un expert de la destination !<\/p>\n<p>&nbsp;<\/p>\n<p>&nbsp;<\/p>\n<h2 style=\"text-align: center;color: #5596aa\">La Universidad&#8230;<\/h2>\n<p>&nbsp;<\/p>\n<h4 style=\"text-align: center;color: #8f993e\">&#8230;de la nature<\/h4>\n<h4 style=\"text-align: center;color: #8f993e\">&#8230;de la culture<\/h4>\n<h4 style=\"text-align: center;color: #8f993e\">&#8230;du savoir<\/h4>\n<h4 style=\"text-align: center;color: #8f993e\">&#8230;de l&rsquo;aventure<\/h4>\n<h4 style=\"text-align: center;color: #8f993e\">&#8230;du style<\/h4>\n<h4 style=\"text-align: center;color: #8f993e\">&#8230;du sport<\/h4>\n<h4 style=\"text-align: center;color: #8f993e\">&#8230;des traditions<\/h4>\n<h4 style=\"text-align: center;color: #8f993e\">&#8230;des plages et de la jungle<\/h4>\n<p>&nbsp;<\/p>\n<p>&nbsp;<\/p>\n<p>&nbsp;<\/p>\n<p>&nbsp;<\/p>\n<p><strong>Pour plus d&rsquo;informations :\u00a0<\/strong><\/p>\n<p>Indigo Unlimited<\/p>\n<p>4 bis rue descombes<\/p>\n<p>75017 PARIS<\/p>\n<p>01 40 28 10 00<\/p>\n","protected":false},"excerpt":{"rendered":"<p>&nbsp; A propos de la PVU &nbsp; &nbsp; La Pura Vida University est une initiative europ\u00e9enne de l&rsquo;Institut Costaricien du Tourisme (ICT) afin de fournir des informations sur la destination utiles \u00e0 l\u2019industrie touristique et aux m\u00e9dias europ\u00e9ens. Depuis sa &hellip; <a href=\"https:\/\/www.puravidauniversity.eu\/fr\/a-propos\/\">Lire la suite<\/a><\/p>\n","protected":false},"author":1,"featured_media":0,"parent":0,"menu_order":0,"comment_status":"closed","ping_status":"closed","template":"","meta":[],"_links":{"self":[{"href":"https:\/\/www.puravidauniversity.eu\/fr\/wp-json\/wp\/v2\/pages\/744"}],"collection":[{"href":"https:\/\/www.puravidauniversity.eu\/fr\/wp-json\/wp\/v2\/pages"}],"about":[{"href":"https:\/\/www.puravidauniversity.eu\/fr\/wp-json\/wp\/v2\/types\/page"}],"author":[{"embeddable":true,"href":"https:\/\/www.puravidauniversity.eu\/fr\/wp-json\/wp\/v2\/users\/1"}],"replies":[{"embeddable":true,"href":"https:\/\/www.puravidauniversity.eu\/fr\/wp-json\/wp\/v2\/comments?post=744"}],"version-history":[{"count":12,"href":"https:\/\/www.puravidauniversity.eu\/fr\/wp-json\/wp\/v2\/pages\/744\/revisions"}],"predecessor-version":[{"id":1579,"href":"https:\/\/www.puravidauniversity.eu\/fr\/wp-json\/wp\/v2\/pages\/744\/revisions\/1579"}],"wp:attachment":[{"href":"https:\/\/www.puravidauniversity.eu\/fr\/wp-json\/wp\/v2\/media?parent=744"}],"curies":[{"name":"wp","href":"https:\/\/api.w.org\/{rel}","templated":true}]}}