{"id":698,"date":"2016-11-17T16:16:23","date_gmt":"2016-11-17T16:16:23","guid":{"rendered":"https:\/\/www.puravidauniversity.eu\/fr\/?page_id=698"},"modified":"2019-06-12T11:06:53","modified_gmt":"2019-06-12T11:06:53","slug":"quoi-de-neuf","status":"publish","type":"page","link":"https:\/\/www.puravidauniversity.eu\/fr\/quoi-de-neuf\/","title":{"rendered":"Actualit\u00e9s"},"content":{"rendered":"<p>&nbsp;<\/p>\n<h1 style=\"color: #8f993e;\">D\u00e9couvrez toutes les nouveaut\u00e9s et actualit\u00e9s du Costa Rica<\/h1>\n<p>&nbsp;<\/p>\n<p style=\"text-align: center;\"><strong>En savoir plus sur\u00a0<\/strong><\/p>\n<p style=\"text-align: center;\"><a href=\"https:\/\/www.puravidauniversity.eu\/fr\/nouveautes\/\">Les nouveaut\u00e9s<\/a><\/p>\n<p style=\"text-align: center;\"><a href=\"https:\/\/www.puravidauniversity.eu\/fr\/rendez-vous-pro\/\">Les rendez-vous pro\u00a0<\/a><\/p>\n<div style=\"width: 100%; height: 30px;\"><\/div>\n<div><\/div>\n<div style=\"width: 100%; height: 30px;\"><\/div>\n<div><\/div>\n<div><\/div>\n<div><\/div>\n<div><\/div>\n<div><\/div>\n<div><\/div>\n<div><\/div>\n<div><\/div>\n<div><\/div>\n<div><\/div>\n<div><\/div>\n<div><\/div>\n<div><\/div>\n<div><\/div>\n<div><\/div>\n<div><\/div>\n<div><\/div>\n<div><\/div>\n<div><\/div>\n<div><\/div>\n<div><\/div>\n<div><\/div>\n<div><\/div>\n<div><\/div>\n<div><\/div>\n<div><\/div>\n","protected":false},"excerpt":{"rendered":"<p>&nbsp; D\u00e9couvrez toutes les nouveaut\u00e9s et actualit\u00e9s du Costa Rica &nbsp; En savoir plus sur\u00a0 Les nouveaut\u00e9s Les rendez-vous pro\u00a0<\/p>\n","protected":false},"author":1,"featured_media":0,"parent":0,"menu_order":0,"comment_status":"closed","ping_status":"closed","template":"template-blog-grid.php","meta":[],"_links":{"self":[{"href":"https:\/\/www.puravidauniversity.eu\/fr\/wp-json\/wp\/v2\/pages\/698"}],"collection":[{"href":"https:\/\/www.puravidauniversity.eu\/fr\/wp-json\/wp\/v2\/pages"}],"about":[{"href":"https:\/\/www.puravidauniversity.eu\/fr\/wp-json\/wp\/v2\/types\/page"}],"author":[{"embeddable":true,"href":"https:\/\/www.puravidauniversity.eu\/fr\/wp-json\/wp\/v2\/users\/1"}],"replies":[{"embeddable":true,"href":"https:\/\/www.puravidauniversity.eu\/fr\/wp-json\/wp\/v2\/comments?post=698"}],"version-history":[{"count":27,"href":"https:\/\/www.puravidauniversity.eu\/fr\/wp-json\/wp\/v2\/pages\/698\/revisions"}],"predecessor-version":[{"id":1964,"href":"https:\/\/www.puravidauniversity.eu\/fr\/wp-json\/wp\/v2\/pages\/698\/revisions\/1964"}],"wp:attachment":[{"href":"https:\/\/www.puravidauniversity.eu\/fr\/wp-json\/wp\/v2\/media?parent=698"}],"curies":[{"name":"wp","href":"https:\/\/api.w.org\/{rel}","templated":true}]}}