{"id":627,"date":"2016-11-17T16:09:44","date_gmt":"2016-11-17T16:09:44","guid":{"rendered":"https:\/\/www.puravidauniversity.eu\/fr\/?page_id=627"},"modified":"2020-05-27T14:57:55","modified_gmt":"2020-05-27T14:57:55","slug":"formations-presentations","status":"publish","type":"page","link":"https:\/\/www.puravidauniversity.eu\/fr\/formations-presentations\/","title":{"rendered":"Formations et pr\u00e9sentations"},"content":{"rendered":"<h1><span style=\"color: #8f9900;\">Pr\u00e9sentation<\/span><\/h1>\n<p>Biodiversit\u00e9 et engagements en faveur d\u2019un tourisme durable et responsable, vari\u00e9t\u00e9 des climats et des paysages, liaisons a\u00e9riennes et transports disponibles sur place, offre d\u2019h\u00e9bergements, d\u2019activit\u00e9s et de loisirs, informations pratiques mais \u00e9galement sp\u00e9cificit\u00e9s culturelles, g\u00e9ographiques et gastronomiques des diff\u00e9rentes r\u00e9gions qui composent le Costa Rica : ces pr\u00e9sentations \u00e0 l\u2019usage des professionnels du tourisme, d\u00e9taill\u00e9es, faciles \u00e0 lire et \u00e0 exploiter, leur permettent de se former \u00e0 la destination et \u00e0 ses atouts. Forts de ces informations, ils peuvent la conseiller \u00e0 leurs clients en parfaite connaissance de cause&#8230; <a href=\"https:\/\/www.puravidauniversity.eu\/fr\/presentation\/\">En savoir plus<\/a><\/p>\n<h1><span style=\"color: #8f9900;\">Formations<\/span><\/h1>\n","protected":false},"excerpt":{"rendered":"<p>Pr\u00e9sentation Biodiversit\u00e9 et engagements en faveur d\u2019un tourisme durable et responsable, vari\u00e9t\u00e9 des climats et des paysages, liaisons a\u00e9riennes et transports disponibles sur place, offre d\u2019h\u00e9bergements, d\u2019activit\u00e9s et de loisirs, informations pratiques mais \u00e9galement sp\u00e9cificit\u00e9s culturelles, g\u00e9ographiques et gastronomiques des &hellip; <a href=\"https:\/\/www.puravidauniversity.eu\/fr\/formations-presentations\/\">Lire la suite<\/a><\/p>\n","protected":false},"author":1,"featured_media":0,"parent":0,"menu_order":1,"comment_status":"closed","ping_status":"closed","template":"","meta":[],"_links":{"self":[{"href":"https:\/\/www.puravidauniversity.eu\/fr\/wp-json\/wp\/v2\/pages\/627"}],"collection":[{"href":"https:\/\/www.puravidauniversity.eu\/fr\/wp-json\/wp\/v2\/pages"}],"about":[{"href":"https:\/\/www.puravidauniversity.eu\/fr\/wp-json\/wp\/v2\/types\/page"}],"author":[{"embeddable":true,"href":"https:\/\/www.puravidauniversity.eu\/fr\/wp-json\/wp\/v2\/users\/1"}],"replies":[{"embeddable":true,"href":"https:\/\/www.puravidauniversity.eu\/fr\/wp-json\/wp\/v2\/comments?post=627"}],"version-history":[{"count":85,"href":"https:\/\/www.puravidauniversity.eu\/fr\/wp-json\/wp\/v2\/pages\/627\/revisions"}],"predecessor-version":[{"id":2160,"href":"https:\/\/www.puravidauniversity.eu\/fr\/wp-json\/wp\/v2\/pages\/627\/revisions\/2160"}],"wp:attachment":[{"href":"https:\/\/www.puravidauniversity.eu\/fr\/wp-json\/wp\/v2\/media?parent=627"}],"curies":[{"name":"wp","href":"https:\/\/api.w.org\/{rel}","templated":true}]}}