{"id":586,"date":"2016-11-17T12:33:26","date_gmt":"2016-11-17T12:33:26","guid":{"rendered":"https:\/\/www.puravidauniversity.eu\/fr\/?page_id=586"},"modified":"2017-09-21T14:03:13","modified_gmt":"2017-09-21T14:03:13","slug":"experiences-produits","status":"publish","type":"page","link":"https:\/\/www.puravidauniversity.eu\/fr\/destination\/experiences-produits\/","title":{"rendered":"Focus exp\u00e9riences et produits"},"content":{"rendered":"<h1><span style=\"color: #8f9900\">D\u00e9couvrez tous les produits et exp\u00e9riences<\/span><\/h1>\n<p>&nbsp;<\/p>\n<p style=\"text-align: center\"><strong>En savoir plus sur<\/strong><\/p>\n<p style=\"text-align: center\"><a href=\"https:\/\/www.puravidauniversity.eu\/fr\/category\/destinations\/focus-experiences-et-produits\/mice-et-voyages-daffaires\/\">MICE et voyages d&rsquo;affaire<\/a><\/p>\n<p style=\"text-align: center\"><a href=\"https:\/\/www.puravidauniversity.eu\/fr\/category\/destinations\/focus-experiences-et-produits\/focus-experiences\/\">Les exp\u00e9riences<\/a><\/p>\n<p style=\"text-align: center\"><a href=\"https:\/\/www.puravidauniversity.eu\/fr\/category\/destinations\/focus-experiences-et-produits\/focus-experiences-focus-experiences-et-produits\/\">Les r\u00e9gions<\/a><\/p>\n<p style=\"text-align: center\"><a href=\"https:\/\/www.puravidauniversity.eu\/fr\/category\/destinations\/focus-experiences-et-produits\/les-plus-ventes\/\">Les + ventes<\/a><\/p>\n<div class=\"entry-content clearfix\"><\/div>\n<div><\/div>\n<div><img loading=\"lazy\" class=\"alignnone size-full wp-image-1317\" src=\"https:\/\/www.puravidauniversity.eu\/fr\/wp-content\/uploads\/sites\/4\/2017\/09\/Image1232.jpg\" alt=\"\" width=\"1234\" height=\"855\" srcset=\"https:\/\/www.puravidauniversity.eu\/fr\/wp-content\/uploads\/sites\/4\/2017\/09\/Image1232.jpg 1234w, https:\/\/www.puravidauniversity.eu\/fr\/wp-content\/uploads\/sites\/4\/2017\/09\/Image1232-300x208.jpg 300w, https:\/\/www.puravidauniversity.eu\/fr\/wp-content\/uploads\/sites\/4\/2017\/09\/Image1232-768x532.jpg 768w, https:\/\/www.puravidauniversity.eu\/fr\/wp-content\/uploads\/sites\/4\/2017\/09\/Image1232-1024x709.jpg 1024w\" sizes=\"(max-width: 1234px) 100vw, 1234px\" \/><\/div>\n","protected":false},"excerpt":{"rendered":"<p>D\u00e9couvrez tous les produits et exp\u00e9riences &nbsp; En savoir plus sur MICE et voyages d&rsquo;affaire Les exp\u00e9riences Les r\u00e9gions Les + ventes<\/p>\n","protected":false},"author":1,"featured_media":0,"parent":1238,"menu_order":0,"comment_status":"closed","ping_status":"closed","template":"template-blog-grid.php","meta":[],"_links":{"self":[{"href":"https:\/\/www.puravidauniversity.eu\/fr\/wp-json\/wp\/v2\/pages\/586"}],"collection":[{"href":"https:\/\/www.puravidauniversity.eu\/fr\/wp-json\/wp\/v2\/pages"}],"about":[{"href":"https:\/\/www.puravidauniversity.eu\/fr\/wp-json\/wp\/v2\/types\/page"}],"author":[{"embeddable":true,"href":"https:\/\/www.puravidauniversity.eu\/fr\/wp-json\/wp\/v2\/users\/1"}],"replies":[{"embeddable":true,"href":"https:\/\/www.puravidauniversity.eu\/fr\/wp-json\/wp\/v2\/comments?post=586"}],"version-history":[{"count":65,"href":"https:\/\/www.puravidauniversity.eu\/fr\/wp-json\/wp\/v2\/pages\/586\/revisions"}],"predecessor-version":[{"id":1584,"href":"https:\/\/www.puravidauniversity.eu\/fr\/wp-json\/wp\/v2\/pages\/586\/revisions\/1584"}],"up":[{"embeddable":true,"href":"https:\/\/www.puravidauniversity.eu\/fr\/wp-json\/wp\/v2\/pages\/1238"}],"wp:attachment":[{"href":"https:\/\/www.puravidauniversity.eu\/fr\/wp-json\/wp\/v2\/media?parent=586"}],"curies":[{"name":"wp","href":"https:\/\/api.w.org\/{rel}","templated":true}]}}