{"id":1542,"date":"2017-09-19T15:46:34","date_gmt":"2017-09-19T15:46:34","guid":{"rendered":"https:\/\/www.puravidauniversity.eu\/fr\/?page_id=1542"},"modified":"2017-09-19T16:44:36","modified_gmt":"2017-09-19T16:44:36","slug":"test-nouvelle-homapge","status":"publish","type":"page","link":"https:\/\/www.puravidauniversity.eu\/fr\/","title":{"rendered":"Universit\u00e9 de la Pura Vida"},"content":{"rendered":"<div style=\"width: 100%;margin: 0 auto\">\n<div style=\"width: 100%\">\n<h3 style=\"text-align: center\"><a href=\"https:\/\/www.puravidauniversity.eu\/fr\/\"><img loading=\"lazy\" class=\" wp-image-470 aligncenter\" src=\"https:\/\/www.puravidauniversity.eu\/wp-content\/uploads\/2016\/11\/logo-header-300x178.png\" alt=\"logo-header\" width=\"201\" height=\"119\" srcset=\"https:\/\/www.puravidauniversity.eu\/fr\/wp-content\/uploads\/sites\/4\/2016\/11\/logo-header-300x178.png 300w, https:\/\/www.puravidauniversity.eu\/fr\/wp-content\/uploads\/sites\/4\/2016\/11\/logo-header.png 355w\" sizes=\"(max-width: 201px) 100vw, 201px\" \/><\/a><\/h3>\n<\/div>\n<div style=\"width: 100%\">\n<h4 style=\"text-align: center\"><span style=\"color: #4d8799\">Un site officiel pour les professionnels du Tourisme en Europe<\/span><\/h4>\n<p style=\"text-align: center\">L&rsquo;Universit\u00e9 de la Pura Vida est n\u00e9e de l&rsquo;objectif de rassembler et d&rsquo;unifier toutes les actions de formation sur le Costa Rica en Europe \u00e0 l&rsquo;\u00e9gard des professionnels du secteur du tourisme et des m\u00e9dias tourisme.<\/p>\n<\/div>\n<\/div>\n<p>&nbsp;<\/p>\n<div style=\"width: 100%;margin: 0 auto\">\n<div style=\"width: 100%;margin: 0 auto\">\n<div style=\"width: 48%;float: left\">\n<p><a href=\"https:\/\/www.puravidauniversity.eu\/fr\/category\/destinations\/formations-et-presentations\/\"><img style=\"padding-left: 2%\" src=\"https:\/\/www.puravidauniversity.eu\/fr\/wp-content\/uploads\/sites\/4\/2016\/12\/guias-y-folletos-700.jpg\" alt=\"cursos y webinars\" width=\"85%\" \/><\/a><\/p>\n<h2 id=\"y\" style=\"text-align: left;line-height: 120%;padding-left: 2%\"><a href=\"https:\/\/www.puravidauniversity.eu\/fr\/category\/destinations\/formations-et-presentations\/\">Nos formations<\/a><\/h2>\n<p>&nbsp;<\/p>\n<\/div>\n<div style=\"width: 48%;float: left\">\n<p><a href=\"https:\/\/www.puravidauniversity.eu\/fr\/category\/actualites\/\"><img style=\"padding-left: 2%\" src=\"https:\/\/www.puravidauniversity.eu\/fr\/wp-content\/uploads\/sites\/4\/2016\/11\/noticias-700.jpg\" alt=\"noticias y novedades\" width=\"85%\" \/><\/a><\/p>\n<h2 id=\"y\" style=\"text-align: left;line-height: 120%;padding-left: 2%\"><a href=\"https:\/\/www.puravidauniversity.eu\/fr\/category\/actualites\/\">Actualit\u00e9s<\/a><\/h2>\n<p>&nbsp;<\/p>\n<\/div>\n<\/div>\n<p>&nbsp;<\/p>\n<div style=\"width: 100%;margin: 0 auto\">\n<div style=\"width: 48%;float: left\">\n<p><a href=\"https:\/\/www.puravidauniversity.eu\/fr\/videos\/\"><img style=\"padding-left: 2%\" src=\"https:\/\/www.puravidauniversity.eu\/fr\/wp-content\/uploads\/sites\/4\/2016\/11\/videos-y-guias-700.jpg\" alt=\"videos\" width=\"85%\" \/><\/a><\/p>\n<h2 id=\"y\" style=\"padding-left: 2%;text-align: left;line-height: 120%\"><a href=\"https:\/\/www.puravidauniversity.eu\/fr\/videos\/\">Vid\u00e9os<\/a><\/h2>\n<p>&nbsp;<\/p>\n<\/div>\n<div style=\"width: 48%;float: left\">\n<p><a href=\"https:\/\/www.puravidauniversity.eu\/fr\/rendez-vous-pro\/\"><img style=\"padding-left: 2%\" src=\"https:\/\/www.puravidauniversity.eu\/fr\/wp-content\/uploads\/sites\/4\/2016\/11\/cursos-700.jpg\" alt=\"gu\u00edas y folletos\" width=\"85%\" \/><\/a><\/p>\n<h2 id=\"y\" style=\"padding-left: 2%;text-align: left;line-height: 120%\"><a href=\"https:\/\/www.puravidauniversity.eu\/fr\/rendez-vous-pro\/\">Rendez-vous professionnels<\/a><\/h2>\n<p>&nbsp;<\/p>\n<\/div>\n<\/div>\n<p>&nbsp;<\/p>\n<div style=\"width: 100%;margin: 0 auto\">\n<div style=\"width: 48%;float: left\">\n<p><a href=\"https:\/\/www.puravidauniversity.eu\/fr\/category\/destinations\/evenements-et-festivites\/\"><img style=\"padding-left: 2%\" src=\"https:\/\/www.puravidauniversity.eu\/wp-content\/uploads\/2016\/11\/festivales-y-eventos-700.jpg\" alt=\"festivales y eventos\" width=\"85%\" \/><\/a><\/p>\n<h2 id=\"y\" style=\"padding-left: 2%;text-align: left;line-height: 120%\"><a href=\"https:\/\/www.puravidauniversity.eu\/fr\/category\/destinations\/evenements-et-festivites\/\">\u00c9v\u00e9nements et festivit\u00e9s<\/a><\/h2>\n<p>&nbsp;<\/p>\n<\/div>\n<div style=\"width: 48%;float: left\">\n<p><a href=\"https:\/\/www.puravidauniversity.eu\/fr\/informations-generales\/\"><img style=\"padding-left: 2%\" src=\"https:\/\/www.puravidauniversity.eu\/fr\/wp-content\/uploads\/sites\/4\/2016\/11\/iniciativas-700-1.jpg\" alt=\"productos\" width=\"85%\" \/><\/a><\/p>\n<h2 id=\"y\" style=\"padding-left: 2%;text-align: left;line-height: 120%\"><a href=\"https:\/\/www.puravidauniversity.eu\/fr\/informations-generales\/\">Informations g\u00e9n\u00e9rales<\/a><\/h2>\n<p>&nbsp;<\/p>\n<\/div>\n<\/div>\n<\/div>\n<p>&nbsp;<\/p>\n<div style=\"height: 10%\"><\/div>\n","protected":false},"excerpt":{"rendered":"<p>Un site officiel pour les professionnels du Tourisme en Europe L&rsquo;Universit\u00e9 de la Pura Vida est n\u00e9e de l&rsquo;objectif de rassembler et d&rsquo;unifier toutes les actions de formation sur le Costa Rica en Europe \u00e0 l&rsquo;\u00e9gard des professionnels du secteur &hellip; <a href=\"https:\/\/www.puravidauniversity.eu\/fr\/\">Lire la suite<\/a><\/p>\n","protected":false},"author":3,"featured_media":0,"parent":0,"menu_order":0,"comment_status":"closed","ping_status":"closed","template":"","meta":[],"_links":{"self":[{"href":"https:\/\/www.puravidauniversity.eu\/fr\/wp-json\/wp\/v2\/pages\/1542"}],"collection":[{"href":"https:\/\/www.puravidauniversity.eu\/fr\/wp-json\/wp\/v2\/pages"}],"about":[{"href":"https:\/\/www.puravidauniversity.eu\/fr\/wp-json\/wp\/v2\/types\/page"}],"author":[{"embeddable":true,"href":"https:\/\/www.puravidauniversity.eu\/fr\/wp-json\/wp\/v2\/users\/3"}],"replies":[{"embeddable":true,"href":"https:\/\/www.puravidauniversity.eu\/fr\/wp-json\/wp\/v2\/comments?post=1542"}],"version-history":[{"count":9,"href":"https:\/\/www.puravidauniversity.eu\/fr\/wp-json\/wp\/v2\/pages\/1542\/revisions"}],"predecessor-version":[{"id":1555,"href":"https:\/\/www.puravidauniversity.eu\/fr\/wp-json\/wp\/v2\/pages\/1542\/revisions\/1555"}],"wp:attachment":[{"href":"https:\/\/www.puravidauniversity.eu\/fr\/wp-json\/wp\/v2\/media?parent=1542"}],"curies":[{"name":"wp","href":"https:\/\/api.w.org\/{rel}","templated":true}]}}