{"id":126,"date":"2016-11-10T15:27:17","date_gmt":"2016-11-10T15:27:17","guid":{"rendered":"https:\/\/www.puravidauniversity.eu\/fr\/?page_id=126"},"modified":"2017-09-18T20:14:34","modified_gmt":"2017-09-18T20:14:34","slug":"evenements-festivites","status":"publish","type":"page","link":"https:\/\/www.puravidauniversity.eu\/fr\/evenements-festivites\/","title":{"rendered":"\u00c9v\u00e9nements et festivit\u00e9s"},"content":{"rendered":"<h1><span style=\"color: #8f9900\">\u00c9v\u00e9nements et festivit\u00e9s<\/span><\/h1>\n<h4><\/h4>\n<h4><strong>Le Festival International des Arts 2017 (FIA)<\/strong><\/h4>\n<p>Du 29 juin au 9 juillet 2017, les rues, les parcs et les th\u00e9\u00e2tres du centre de San Jos\u00e9 vont vivre au rythme de la 15\u00e8me \u00e9dition du Festival International des Arts (FIA 2017)&#8230; <a href=\"https:\/\/www.puravidauniversity.eu\/fr\/festival-international-arts\/\">En savoir plus<\/a><\/p>\n<hr \/>\n<h2 style=\"color: #8f993e;text-align: left\"><\/h2>\n<h4><strong>Tourisme durable et changement climatique au coeur de la Conf\u00e9rence Plan\u00e8te, Personnes et Paix<\/strong><\/h4>\n<p>La Conf\u00e9rence Internationale \u00ab Plan\u00e8te, Personnes et Paix \u00bb s\u2019impose comme l\u2019espace g\u00e9n\u00e9rateur d\u2019initiatives qui encouragent le tourisme durable.<\/p>\n<p>Cette ann\u00e9e, le Costa Rica accueille la sixi\u00e8me \u00e9dition de la Conf\u00e9rence Internationale sur le Tourisme Durable : Plan\u00e8te, Personnes et Paix \u2013 P3. Il s\u2019agit du seul \u00e9v\u00e8nement sur le tourisme durable qu\u2019organise le Costa Rica. Cette nouvelle \u00e9dition est organis\u00e9e conjointement par la Chambre Nationale d\u2019Ecotourisme et de Tourisme Durable (CANAECO) et l\u2019Institut Costaricien du Tourisme (ICT)&#8230;<a href=\"https:\/\/www.puravidauniversity.eu\/fr\/conference-p3\/\">En savoir plus<\/a><\/p>\n","protected":false},"excerpt":{"rendered":"<p>\u00c9v\u00e9nements et festivit\u00e9s Le Festival International des Arts 2017 (FIA) Du 29 juin au 9 juillet 2017, les rues, les parcs et les th\u00e9\u00e2tres du centre de San Jos\u00e9 vont vivre au rythme de la 15\u00e8me \u00e9dition du Festival International &hellip; <a href=\"https:\/\/www.puravidauniversity.eu\/fr\/evenements-festivites\/\">Lire la suite<\/a><\/p>\n","protected":false},"author":1,"featured_media":0,"parent":0,"menu_order":0,"comment_status":"closed","ping_status":"closed","template":"template-blog-grid.php","meta":[],"_links":{"self":[{"href":"https:\/\/www.puravidauniversity.eu\/fr\/wp-json\/wp\/v2\/pages\/126"}],"collection":[{"href":"https:\/\/www.puravidauniversity.eu\/fr\/wp-json\/wp\/v2\/pages"}],"about":[{"href":"https:\/\/www.puravidauniversity.eu\/fr\/wp-json\/wp\/v2\/types\/page"}],"author":[{"embeddable":true,"href":"https:\/\/www.puravidauniversity.eu\/fr\/wp-json\/wp\/v2\/users\/1"}],"replies":[{"embeddable":true,"href":"https:\/\/www.puravidauniversity.eu\/fr\/wp-json\/wp\/v2\/comments?post=126"}],"version-history":[{"count":9,"href":"https:\/\/www.puravidauniversity.eu\/fr\/wp-json\/wp\/v2\/pages\/126\/revisions"}],"predecessor-version":[{"id":1436,"href":"https:\/\/www.puravidauniversity.eu\/fr\/wp-json\/wp\/v2\/pages\/126\/revisions\/1436"}],"wp:attachment":[{"href":"https:\/\/www.puravidauniversity.eu\/fr\/wp-json\/wp\/v2\/media?parent=126"}],"curies":[{"name":"wp","href":"https:\/\/api.w.org\/{rel}","templated":true}]}}