{"id":1245,"date":"2017-09-13T14:50:41","date_gmt":"2017-09-13T14:50:41","guid":{"rendered":"https:\/\/www.puravidauniversity.eu\/fr\/?page_id=1245"},"modified":"2017-09-15T12:32:21","modified_gmt":"2017-09-15T12:32:21","slug":"nouveautes","status":"publish","type":"page","link":"https:\/\/www.puravidauniversity.eu\/fr\/nouveautes\/","title":{"rendered":"Nouveaut\u00e9s"},"content":{"rendered":"<h1><span style=\"color: #8f9900\">Nouveaut\u00e9s\u00a0<\/span><\/h1>\n<p>&nbsp;<\/p>\n<p><em>13 septembre 2017<\/em><\/p>\n<h4><strong>Le roadshow Costa Rica plac\u00e9 sous le signe de la \u00ab Pura Vida \u00bb s\u2019installe en France du 2 au 4 octobre 2017<\/strong><\/h4>\n<p>L\u2019Institut Costaricien du Tourisme (ICT) organise son tout premier roadshow en France du 2 au 4 octobre 2017. Il passera par les villes de Strasbourg, Lille et Nantes.<\/p>\n<p>Il s\u2019agit d\u2019une grande premi\u00e8re en France pour l\u2019ICT qui organise son tout premier roadshow \u00ab Pura Vida \u00bb sur la destination. A l\u2019occasion de cet \u00e9v\u00e8nement, le Costa Rica sera \u00e0 l\u2019honneur le 2 octobre au Biocluster les Haras de Strasbourg, le 3 octobre \u00e0 l\u2019espace Inkermann de Lille et le 4 octobre aux Studios de l\u2019\u00eele \u00e0 Nantes&#8230; <a href=\"https:\/\/www.puravidauniversity.eu\/fr\/roadshow-costa-rica\/\">En savoir plus<\/a><\/p>\n<hr \/>\n<p><em>1 ao\u00fbt 2017<\/em><\/p>\n<h4><strong>Le Costa Rica enregistre une nouvelle hausse d\u2019arriv\u00e9es de touristes europ\u00e9ens sur le premier semestre 2017<\/strong><\/h4>\n<p>La France s\u2019impose comme le premier march\u00e9 \u00e9metteur en Europe<\/p>\n<ul>\n<li>Les touristes europ\u00e9ens sont ceux qui restent le plus longtemps au Costa Rica (plus de 17 nuit\u00e9es en moyenne).<\/li>\n<li>La strat\u00e9gie et les efforts men\u00e9s sur les march\u00e9s europ\u00e9ens s\u2019expriment au travers de l\u2019augmentation des arriv\u00e9es internationales et de l\u2019int\u00e9r\u00eat des compagnies a\u00e9riennes pour la destination&#8230; <a href=\"https:\/\/www.puravidauniversity.eu\/fr\/hausse-des-arrivees-touristiques-2017\/\">En savoir plus<\/a><\/li>\n<\/ul>\n<hr \/>\n<p><em>1 juillet 2017<\/em><\/p>\n<h4><strong>La R\u00e9serve de Biosph\u00e8re de Savegre au Costa Rica entre au Patrimoine mondial de l\u2019UNESCO<\/strong><\/h4>\n<p>Le 14 juin 2017, le Conseil international de coordination du programme sur L\u2019Homme et la Biosph\u00e8re (CIC-MAB), s\u2019est r\u00e9uni \u00e0 Paris pour classer de nouveaux sites au Patrimoine Mondial de l\u2019UNESCO. Gr\u00e2ce \u00e0 sa richesse naturelle exceptionnelle, la R\u00e9serve de Savegre du Costa Rica s\u2019est vue attribu\u00e9e cette distinction&#8230; <a href=\"https:\/\/www.puravidauniversity.eu\/fr\/savegre\/\">En savoir plus<\/a><\/p>\n<hr \/>\n<p>1 juillet 2017<\/p>\n<h4><strong>L\u2019institut costaricien du tourisme lance sa nouvelle identit\u00e9 : \u00ab\u00a0Essential Costa Rica. My Choice Naturally\u00a0\u00bb<\/strong><\/h4>\n<ul>\n<li>Une campagne r\u00e9alis\u00e9e en collaboration strat\u00e9gique avec l\u2019OMT et CNN international qui ont permis \u00e0 la fois sa r\u00e9alisation compl\u00e8te et une diffusion internationale.<\/li>\n<\/ul>\n<p>Lundi 3 juillet 2017 \u2013 Le Costa Rica d\u00e9voile aujourd\u2019hui au monde entier la nouvelle identit\u00e9 touristique du pays, \u201c<strong>Essential Costa Rica. My Choice, Naturally<\/strong>\u201d&#8230;.<a href=\"https:\/\/www.puravidauniversity.eu\/fr\/nouvelle-identite-costa-rica-essential-costa-rica-my-choice-naturally\/\">En savoir plus<\/a><\/p>\n<hr \/>\n<p><em>1 juin 2017<\/em><\/p>\n<h4><strong>Le Festival International des Arts 2017 (FIA)<\/strong><\/h4>\n<p>Du 29 juin au 9 juillet 2017, les rues, les parcs et les th\u00e9\u00e2tres du centre de San Jos\u00e9 vont vivre au rythme de la 15\u00e8me \u00e9dition du Festival International des Arts (FIA 2017) gr\u00e2ce \u00e0 des prestations artistiques aussi nombreuses que surprenantes, propos\u00e9es par 51 compagnies internationales, et des artistes locaux&#8230; <a href=\"https:\/\/www.puravidauniversity.eu\/fr\/festival-international-arts\/\">En savoir plus\u00a0<\/a><\/p>\n<hr \/>\n<p><em>1 juin 2017<\/em><\/p>\n<h4><strong>L\u2019Institut Costaricien du Tourisme (ICT) veut faire du Costa Rica une nouvelle destination bien-\u00eatre<\/strong><\/h4>\n<p>&nbsp;<\/p>\n<ul>\n<li>L\u2019Institut Costaricien du Tourisme (ICT) lance une nouvelle strat\u00e9gie \u201cWellness Pura Vida\u201d sur l\u2019ensemble du territoire.<\/li>\n<li>Le Costa Rica se positionne d\u00e9sormais comme une nouvelle destination bien-\u00eatre lab\u00e9lis\u00e9e 100% costaricienne&#8230;. <a href=\"https:\/\/www.puravidauniversity.eu\/fr\/wellness\/\">En savoir plus<\/a><\/li>\n<\/ul>\n<hr \/>\n<p><em>1 mai 2017<\/em><\/p>\n<h4><strong>Caf\u00e9 100% durable<\/strong><\/h4>\n<p>Le caf\u00e9 du Costa Rica est reconnu dans le monde entier pour \u00eatre un caf\u00e9 d\u2019une grande qualit\u00e9. Le Pape Fran\u00e7ois le consid\u00e8re comme le \u00ab\u00a0Meilleur caf\u00e9 du Monde\u00a0\u00bb. Il existe au Costa Rica 8 zones de culture de caf\u00e9, dont la zone de Tarraz\u00fa dans la vall\u00e9e centrale&#8230; <a href=\"https:\/\/www.puravidauniversity.eu\/fr\/cafe-durable-costa-rica\/\">En savoir plus<\/a><\/p>\n<hr \/>\n<p><em>1 avril 2017<\/em><\/p>\n<h4><strong>Nomination par l\u2019ONU du Pr\u00e9sident du Costa Rica comme ambassadeur officiel pour l\u2019ann\u00e9e internationale du Tourisme Durable<\/strong><\/h4>\n<p>L\u2019Assembl\u00e9e G\u00e9n\u00e9rale des Nations Unies a d\u00e9sign\u00e9 ambassadeur officiel Monsieur Luis Guillermo Solis, Pr\u00e9sident de la R\u00e9publique du Costa Rica, pour l\u2019Ann\u00e9e Internationale du Tourisme Durable pour le D\u00e9veloppement&#8230; <a href=\"https:\/\/www.puravidauniversity.eu\/fr\/le-president-ambassadeur-de-lonu\/\">En savoir plus<\/a><\/p>\n<hr \/>\n<p><em>1 mars 2017<\/em><\/p>\n<h4><strong>TripAdvisor classe cinq plages du Costa Rica parmi les 10 meilleures plages d\u2019Am\u00e9rique centrale<\/strong><\/h4>\n<p>&nbsp;<\/p>\n<p>Comme chaque ann\u00e9e, Tripadvisor fait son classement des plus belles plages du monde, une s\u00e9lection bas\u00e9e sur la beaut\u00e9 et l\u2019accessibilit\u00e9, effectu\u00e9e selon les opinions des utilisateurs de l\u2019application&#8230; <a href=\"https:\/\/www.puravidauniversity.eu\/fr\/top-10-meilleures-plages-damerique-centrale\/\">En savoir plus<\/a><\/p>\n<hr \/>\n<p><em>2 f\u00e9vrier 2017<\/em><\/p>\n<h4><strong>Nouveau circuit ornithologique : la Ruta de las Aves<\/strong><\/h4>\n<p>Mondialement connu pour sa biodiversit\u00e9 unique, le Costa Rica est un v\u00e9ritable paradis des oiseaux, abritant \u00e0 lui seul plus de 900 esp\u00e8ces.<\/p>\n<p>La Ruta de las Aves fait partie du programme de d\u00e9veloppement des circuits touristiques du pays, inclus dans le Plan National de D\u00e9veloppement 2015-2018&#8230;. <a href=\"https:\/\/www.puravidauniversity.eu\/fr\/ruta-de-las-aves-2\/\">En savoir plus<\/a><\/p>\n<hr \/>\n<p><em>1 janvier 2017<\/em><\/p>\n<h4><strong>Nouveau record d\u2019arriv\u00e9es de touristes internationaux au Costa Rica en 2016<\/strong><\/h4>\n<ul>\n<li>Le nombre d\u2019arriv\u00e9es de touristes fran\u00e7ais au Costa Rica a atteint 61 503 voyageurs en 2016.<\/li>\n<li>Le nombre d\u2019arriv\u00e9es de touristes europ\u00e9ens au Costa Rica en 2016 a d\u00e9pass\u00e9 les 430 000 voyageurs.<\/li>\n<\/ul>\n<p>Le Costa Rica a encore marqu\u00e9 un record dans le nombre d\u2019arriv\u00e9es internationales en comptabilisant pr\u00e8s de 3 millions de visiteurs \u00e9trangers qui se sont rendus sur le territoire par les principales voies d\u2019entr\u00e9es du pays en 2016. Ce nouveau record marque une augmentation de 10% par rapport \u00e0 2015&#8230;.. <a href=\"https:\/\/www.puravidauniversity.eu\/fr\/record-arrivees-touristes-2016\/\">En savoir plus<\/a><\/p>\n<hr \/>\n<p><em>1 janvier 2017<\/em><\/p>\n<h4><strong>Nouveau record de touristes au Costa Rica en 2016 !<\/strong><\/h4>\n<p>Le nombre d\u2019arriv\u00e9es de touristes fran\u00e7ais au Costa Rica a atteint 61 503 voyageurs en 2016. Le nombre d\u2019arriv\u00e9es de touristes europ\u00e9ens au Costa Rica en 2016 a d\u00e9pass\u00e9 les 430 000 voyageurs&#8230; <a href=\"https:\/\/www.puravidauniversity.eu\/fr\/record-de-visiteurs-2016\/\">En savoir plus\u00a0<\/a><\/p>\n<hr \/>\n<p><em>1 d\u00e9cembre 2016<\/em><\/p>\n<h4><strong>Parcours gastronomique dans le march\u00e9 central de San Jos\u00e9 au Costa Rica<\/strong><\/h4>\n<p>&nbsp;<\/p>\n<ul>\n<li>La gastronomie du Costa Rica a r\u00e9ussi \u00e0 fusionner toutes les influences culturelles et cr\u00e9er une cuisine d\u00e9licieuse aux saveurs surprenantes.<\/li>\n<li>Chaque mercredi il y a une visite guid\u00e9e \u00e0 travers les stands les plus embl\u00e9matiques du march\u00e9 central de San Jos\u00e9&#8230;<a href=\"https:\/\/www.puravidauniversity.eu\/fr\/mercado-central\/\">En savoir plus<\/a><\/li>\n<\/ul>\n<hr \/>\n<header>\n<div class=\"subhead\"><em>1 novembre 2016<\/em><\/div>\n<\/header>\n<h4><strong>Objectif atteint pour le Costa Rica qui produit 100% de son \u00e9lectricit\u00e9 avec des \u00e9nergies renouvelables<\/strong><\/h4>\n<p>&nbsp;<\/p>\n<ul>\n<li>Le Costa Rica a marqu\u00e9 une nouvelle \u00e9tape dans son implication dans le d\u00e9veloppement durable avec les \u00e9nergies renouvelables.<\/li>\n<li>Le Certificado de Sostenibilidad Tur\u00edstica (CST) \u2013 Certification de Soutenabilit\u00e9 Touristique \u2013 cr\u00e9\u00e9 par l\u2019Institut Costaricien du Tourisme (ICT) contribue \u00e0 respecter les engagements pris lors de la conf\u00e9rence de Paris sur le climat&#8230;. <a href=\"https:\/\/www.puravidauniversity.eu\/fr\/100-energie-renouvelable\/\">En savoir plus<\/a><\/li>\n<\/ul>\n<p>&nbsp;<\/p>\n<p>&nbsp;<\/p>\n<p>&nbsp;<\/p>\n<p>&nbsp;<\/p>\n<p>&nbsp;<\/p>\n","protected":false},"excerpt":{"rendered":"<p>Nouveaut\u00e9s\u00a0 &nbsp; 13 septembre 2017 Le roadshow Costa Rica plac\u00e9 sous le signe de la \u00ab Pura Vida \u00bb s\u2019installe en France du 2 au 4 octobre 2017 L\u2019Institut Costaricien du Tourisme (ICT) organise son tout premier roadshow en France &hellip; <a href=\"https:\/\/www.puravidauniversity.eu\/fr\/nouveautes\/\">Lire la suite<\/a><\/p>\n","protected":false},"author":3,"featured_media":0,"parent":0,"menu_order":0,"comment_status":"closed","ping_status":"closed","template":"","meta":[],"_links":{"self":[{"href":"https:\/\/www.puravidauniversity.eu\/fr\/wp-json\/wp\/v2\/pages\/1245"}],"collection":[{"href":"https:\/\/www.puravidauniversity.eu\/fr\/wp-json\/wp\/v2\/pages"}],"about":[{"href":"https:\/\/www.puravidauniversity.eu\/fr\/wp-json\/wp\/v2\/types\/page"}],"author":[{"embeddable":true,"href":"https:\/\/www.puravidauniversity.eu\/fr\/wp-json\/wp\/v2\/users\/3"}],"replies":[{"embeddable":true,"href":"https:\/\/www.puravidauniversity.eu\/fr\/wp-json\/wp\/v2\/comments?post=1245"}],"version-history":[{"count":8,"href":"https:\/\/www.puravidauniversity.eu\/fr\/wp-json\/wp\/v2\/pages\/1245\/revisions"}],"predecessor-version":[{"id":1302,"href":"https:\/\/www.puravidauniversity.eu\/fr\/wp-json\/wp\/v2\/pages\/1245\/revisions\/1302"}],"wp:attachment":[{"href":"https:\/\/www.puravidauniversity.eu\/fr\/wp-json\/wp\/v2\/media?parent=1245"}],"curies":[{"name":"wp","href":"https:\/\/api.w.org\/{rel}","templated":true}]}}