{"id":1238,"date":"2017-09-13T14:36:52","date_gmt":"2017-09-13T14:36:52","guid":{"rendered":"https:\/\/www.puravidauniversity.eu\/fr\/?page_id=1238"},"modified":"2017-09-19T08:51:24","modified_gmt":"2017-09-19T08:51:24","slug":"destination","status":"publish","type":"page","link":"https:\/\/www.puravidauniversity.eu\/fr\/destination\/","title":{"rendered":"D\u00e9couvrir le pays"},"content":{"rendered":"<h1><span style=\"color: #8f9900\">D\u00e9couvrez toutes les informations sur la destination !\u00a0<\/span><\/h1>\n<p>&nbsp;<\/p>\n<p style=\"text-align: center\"><strong>En savoir plus sur<\/strong><\/p>\n<p style=\"text-align: center\"><a href=\"https:\/\/www.puravidauniversity.eu\/fr\/regions\/\">Les diff\u00e9rentes r\u00e9gions<\/a><\/p>\n<p style=\"text-align: center\"><a href=\"https:\/\/www.puravidauniversity.eu\/fr\/formations-presentations\/\">Les formations et les pr\u00e9sentations<\/a><\/p>\n<p style=\"text-align: center\"><a href=\"https:\/\/www.puravidauniversity.eu\/fr\/evenements-festivites\/\">Les \u00e9v\u00e9nements et festivit\u00e9s<\/a><\/p>\n<p style=\"text-align: center\"><a href=\"https:\/\/www.puravidauniversity.eu\/fr\/experiences-produits\/\">Focus exp\u00e9riences et produits<\/a><\/p>\n<p>&nbsp;<\/p>\n<p><img loading=\"lazy\" class=\"aligncenter wp-image-1241 size-full\" src=\"https:\/\/www.puravidauniversity.eu\/fr\/wp-content\/uploads\/sites\/4\/2017\/09\/Image10.jpg\" alt=\"\" width=\"1123\" height=\"772\" srcset=\"https:\/\/www.puravidauniversity.eu\/fr\/wp-content\/uploads\/sites\/4\/2017\/09\/Image10.jpg 1123w, https:\/\/www.puravidauniversity.eu\/fr\/wp-content\/uploads\/sites\/4\/2017\/09\/Image10-300x206.jpg 300w, https:\/\/www.puravidauniversity.eu\/fr\/wp-content\/uploads\/sites\/4\/2017\/09\/Image10-768x528.jpg 768w, https:\/\/www.puravidauniversity.eu\/fr\/wp-content\/uploads\/sites\/4\/2017\/09\/Image10-1024x704.jpg 1024w\" sizes=\"(max-width: 1123px) 100vw, 1123px\" \/><\/p>\n","protected":false},"excerpt":{"rendered":"<p>D\u00e9couvrez toutes les informations sur la destination !\u00a0 &nbsp; En savoir plus sur Les diff\u00e9rentes r\u00e9gions Les formations et les pr\u00e9sentations Les \u00e9v\u00e9nements et festivit\u00e9s Focus exp\u00e9riences et produits &nbsp;<\/p>\n","protected":false},"author":3,"featured_media":0,"parent":0,"menu_order":0,"comment_status":"closed","ping_status":"closed","template":"","meta":[],"_links":{"self":[{"href":"https:\/\/www.puravidauniversity.eu\/fr\/wp-json\/wp\/v2\/pages\/1238"}],"collection":[{"href":"https:\/\/www.puravidauniversity.eu\/fr\/wp-json\/wp\/v2\/pages"}],"about":[{"href":"https:\/\/www.puravidauniversity.eu\/fr\/wp-json\/wp\/v2\/types\/page"}],"author":[{"embeddable":true,"href":"https:\/\/www.puravidauniversity.eu\/fr\/wp-json\/wp\/v2\/users\/3"}],"replies":[{"embeddable":true,"href":"https:\/\/www.puravidauniversity.eu\/fr\/wp-json\/wp\/v2\/comments?post=1238"}],"version-history":[{"count":7,"href":"https:\/\/www.puravidauniversity.eu\/fr\/wp-json\/wp\/v2\/pages\/1238\/revisions"}],"predecessor-version":[{"id":1468,"href":"https:\/\/www.puravidauniversity.eu\/fr\/wp-json\/wp\/v2\/pages\/1238\/revisions\/1468"}],"wp:attachment":[{"href":"https:\/\/www.puravidauniversity.eu\/fr\/wp-json\/wp\/v2\/media?parent=1238"}],"curies":[{"name":"wp","href":"https:\/\/api.w.org\/{rel}","templated":true}]}}