{"id":978,"date":"2016-12-01T15:17:32","date_gmt":"2016-12-01T13:17:32","guid":{"rendered":"https:\/\/www.puravidauniversity.eu\/de\/?page_id=978"},"modified":"2020-05-07T10:00:13","modified_gmt":"2020-05-07T08:00:13","slug":"allgemeine-informationen","status":"publish","type":"page","link":"https:\/\/www.puravidauniversity.eu\/de\/allgemeine-informationen\/","title":{"rendered":"Allgemeine Informationen_alt_obsolet"},"content":{"rendered":"<div><\/div>\n<h1><\/h1>\n<h1 style=\"color: #8f993e;\">Allgemeine Informationen<\/h1>\n<h5 style=\"color: #8f993e;\">Offizieller Name<\/h5>\n<p>Republik Costa Rica<\/p>\n<h5 style=\"color: #8f993e;\">Landessprache<\/h5>\n<p>Spanisch (Amtssprache)<\/p>\n<h5 style=\"color: #8f993e;\">Einwohnerzahl<\/h5>\n<p>4,8 Millionen Einwohner<\/p>\n<h5 style=\"color: #8f993e;\">Landesfl\u00e4che<\/h5>\n<p>51.100 Quadratkilometer<\/p>\n<h5 style=\"color: #8f993e;\">Hauptstadt<\/h5>\n<p>San Jos\u00e9<\/p>\n<h5 style=\"color: #8f993e;\">Zeitunterschied<\/h5>\n<p>MEZ -7 (Winter)<br \/>\nMESZ -8 (Sommer)<\/p>\n<h5 style=\"color: #8f993e;\">W\u00e4hrung<\/h5>\n<p>Col\u00f3n (CRC)<\/p>\n<p>In Touristenzentren werden auch US Dollar angenommen.<\/p>\n<h5 style=\"color: #8f993e;\">Amtierender Pr\u00e4sident<\/h5>\n<p>Pr\u00e4sident Carlos Alvarado Quesada<\/p>\n<h5 style=\"color: #8f993e;\">Geographische Lage<\/h5>\n<p>Costa Rica grenzt im Norden an Nicaragua und im S\u00fcden an Panama. Im Osten ist der Staat durch die Karibik und im Westen durch den Pazifik begrenzt.<\/p>\n<p>Topographisch l\u00e4sst sich Costa Rica in f\u00fcnf Gro\u00dfr\u00e4ume gliedern:<\/p>\n<ul>\n<li>die vulkanischen Bergketten der Cordilleras, speziell die Cordillera de Talamanca<\/li>\n<li>das Valle Central mit der Hauptstadt San Jos\u00e9<\/li>\n<li>die Schwemmlandebenen der Karibikk\u00fcste<\/li>\n<li>die zentrale Pazifikk\u00fcste<\/li>\n<li>die trockene Halbinsel Guanacaste im Nordwesten<\/li>\n<\/ul>\n<h5 style=\"color: #8f993e;\">Klima<\/h5>\n<p>Ob individuell mit dem Mietwagen oder auf einer Rundreise \u2013 Costa Rica ist ganzj\u00e4hrig gut zu bereisen. W\u00e4hrend zwischen November und April klare Himmel, traumhafte Sonnenunterg\u00e4nge und leichte Winde die Trockenzeit am Pazifik ank\u00fcndigen, ist es in der Karibik eher feucht und gr\u00fcn. Die nicht weniger beliebte Regenzeit zwischen Mai und Oktober beeindruckt im Zentraltal und in der Pazifikregion vor allem mit \u00fcppig gr\u00fcner Natur. In der Karibik ist es in dieser Zeit hingegen eher trocken und sonnig.<\/p>\n<p>In Costa Rica gibt es mehrere Klimazonen. Im Hochland ist es gem\u00e4\u00dfigt k\u00fchl. An der Ostk\u00fcste herrscht ganzj\u00e4hrig ein tropisch feuchtes Klima mit Temperaturen um die 28 Grad, an der Pazifikk\u00fcste ist es trockener mit Temperaturen zwischen 27 und 34 Grad. Subtropisches Klima in der Hochebene. Im Hochgebirge liegt die Durchschnittstemperatur bei 12 Grad.<\/p>\n<h5 style=\"color: #8f993e;\">Kontakte Botschaften<\/h5>\n<p>Allgemeine Ausk\u00fcnfte f\u00fcr Urlauber in den Botschaften<\/p>\n<p class=\"yiv9071401388MsoNormal\"><span id=\"yui_3_16_0_1_1487927901822_10711\"><strong>Deutschland:<\/strong><br \/>\n<\/span><span id=\"yui_3_16_0_1_1487927901822_10711\">Reinhardtstra\u00dfe 47a<br \/>\n10117 Berlin<br \/>\n<\/span><a id=\"yui_3_16_0_1_1487927901822_10707\" href=\"http:\/\/www.botschaft-costarica.de\" target=\"_blank\" rel=\"nofollow noopener noreferrer\"><span id=\"yui_3_16_0_1_1487927901822_10706\">www.botschaft-costarica.de<br \/>\n<\/span><\/a><span id=\"yui_3_16_0_1_1487927901822_10705\">E-Mail: <\/span><a id=\"yui_3_16_0_1_1487927901822_6691\" href=\"mailto:emb@embajada-costarica.de\" target=\"_blank\" rel=\"nofollow noopener noreferrer\"><span id=\"yui_3_16_0_1_1487927901822_6690\">emb@embajada-costarica.de<\/span><\/a><\/p>\n<p class=\"yiv9071401388MsoNormal\"><span id=\"yui_3_16_0_1_1487927901822_10723\"><strong>\u00d6sterreich:<\/strong><br \/>\nWagramer Stra\u00dfe 23\/1\/1<br \/>\n1220 Wien<br \/>\n<a href=\"http:\/\/www.botschaft-konsulat.com\/at\/Osterreich\/1963\/Costa-Rica-in-Wien\">www.botschaft-konsulat.com\/at\/Osterreich\/1963\/Costa-Rica-in-Wien<\/a><br \/>\nE-Mail: <\/span><a id=\"yui_3_16_0_1_1487927901822_10725\" href=\"mailto:embajadaaustria_costa.rica@chello.at\" target=\"_blank\" rel=\"nofollow noopener noreferrer\"><span id=\"yui_3_16_0_1_1487927901822_10724\">embajadaaustria_costa.rica@chello.at<\/span><\/a><\/p>\n<p id=\"yui_3_16_0_1_1487927901822_10726\" class=\"yiv9071401388MsoNormal\"><strong>Schweiz:<\/strong><br \/>\nMarktgasse 51<br \/>\n<span id=\"yui_3_16_0_1_1487927901822_10727\">3011 Bern<br \/>\n<\/span><a id=\"yui_3_16_0_1_1487927901822_10773\" href=\"http:\/\/www.botschaft-bern.com\/costa-rica.html\" target=\"_blank\" rel=\"nofollow noopener noreferrer\"><span id=\"yui_3_16_0_1_1487927901822_10774\">www.botschaft-bern.com\/costa-rica.html<br \/>\n<\/span><\/a>E-Mail: <a href=\"mailto:costa.rica@bluewin.ch\" target=\"_blank\" rel=\"nofollow noopener noreferrer\">costa.rica@bluewin.ch<\/a><\/p>\n<h5 style=\"color: #8f993e;\">Einreise<\/h5>\n<p>Ein sechs Monate g\u00fcltiger Reisepass gen\u00fcgt. Maximale Aufenthaltsdauer: 90 Tage<\/p>\n<h5 style=\"color: #8f993e;\">Ausreise<\/h5>\n<p>Bei der Ausreise aus Costa Rica ist eine Ausreisesteuer zu entrichten; diese betr\u00e4gt US $ 29 (Stand April 2016) und kann in US Dollar oder Col\u00f3n bezahlt werden. Die Ausreisesteuer muss vor dem Check-In entrichtet werden. Einige Fluggesellschaften haben bereits damit begonnen, diese in ihre Flugtickets einzuschlie\u00dfen; daher sollten sich Reisende vorab bei der durchf\u00fchrenden Airline informieren.<\/p>\n<h5 style=\"color: #8f993e;\">Strom<\/h5>\n<p>110 Volt, Adapter notwendig<\/p>\n<h5 style=\"color: #8f993e;\">Telefon<\/h5>\n<p>Vorwahl: + 506<\/p>\n<h5 style=\"color: #8f993e;\">Packliste<\/h5>\n<p>Insektenschutzmittel<br \/>\nSonnenschutzmittel (Lichtschutzfaktor 30 empfohlen)<br \/>\nKurze Hosen<br \/>\nLange, leichte Hosen<br \/>\nLuftige Hemden \/ Blusen<br \/>\nSonnenbrille<br \/>\nWanderschuhe<br \/>\nBikini \/ Badeanzug \/ Badehose<br \/>\nKopfbedeckung (Hut \/ Kappe)<br \/>\nBadeschuhe<\/p>\n","protected":false},"excerpt":{"rendered":"<p>Allgemeine Informationen Offizieller Name Republik Costa Rica Landessprache Spanisch (Amtssprache) Einwohnerzahl 4,8 Millionen Einwohner Landesfl\u00e4che 51.100 Quadratkilometer Hauptstadt San Jos\u00e9 Zeitunterschied MEZ -7 (Winter) MESZ -8 (Sommer) W\u00e4hrung Col\u00f3n (CRC) In Touristenzentren werden auch US Dollar angenommen. Amtierender Pr\u00e4sident Pr\u00e4sident &hellip; <a href=\"https:\/\/www.puravidauniversity.eu\/de\/allgemeine-informationen\/\">Weiterlesen<\/a><\/p>\n","protected":false},"author":1,"featured_media":0,"parent":0,"menu_order":0,"comment_status":"closed","ping_status":"closed","template":"","meta":[],"_links":{"self":[{"href":"https:\/\/www.puravidauniversity.eu\/de\/wp-json\/wp\/v2\/pages\/978"}],"collection":[{"href":"https:\/\/www.puravidauniversity.eu\/de\/wp-json\/wp\/v2\/pages"}],"about":[{"href":"https:\/\/www.puravidauniversity.eu\/de\/wp-json\/wp\/v2\/types\/page"}],"author":[{"embeddable":true,"href":"https:\/\/www.puravidauniversity.eu\/de\/wp-json\/wp\/v2\/users\/1"}],"replies":[{"embeddable":true,"href":"https:\/\/www.puravidauniversity.eu\/de\/wp-json\/wp\/v2\/comments?post=978"}],"version-history":[{"count":30,"href":"https:\/\/www.puravidauniversity.eu\/de\/wp-json\/wp\/v2\/pages\/978\/revisions"}],"predecessor-version":[{"id":2023,"href":"https:\/\/www.puravidauniversity.eu\/de\/wp-json\/wp\/v2\/pages\/978\/revisions\/2023"}],"wp:attachment":[{"href":"https:\/\/www.puravidauniversity.eu\/de\/wp-json\/wp\/v2\/media?parent=978"}],"curies":[{"name":"wp","href":"https:\/\/api.w.org\/{rel}","templated":true}]}}