{"id":586,"date":"2016-11-17T12:33:26","date_gmt":"2016-11-17T12:33:26","guid":{"rendered":"https:\/\/www.puravidauniversity.eu\/de\/?page_id=586"},"modified":"2020-04-20T23:44:56","modified_gmt":"2020-04-20T21:44:56","slug":"themen-und-produkte","status":"publish","type":"page","link":"https:\/\/www.puravidauniversity.eu\/de\/themen-und-produkte\/","title":{"rendered":"Themen und Produkte"},"content":{"rendered":"<p>&nbsp;<\/p>\n<h1 style=\"color: #8f993e\">Themen und Produkte<\/h1>\n<p>&nbsp;<\/p>\n<h4 style=\"text-align: left\">Costa Rica beeindruckt seine Besucher mit einer enormen Vielfalt an Angeboten,<br \/>\ndie ideal kombiniert werden k\u00f6nnen.<\/h4>\n<p>&nbsp;<\/p>\n<figure id=\"attachment_935\" class=\"thumbnail wp-caption aligncenter\" style=\"width: 699px\"><img loading=\"lazy\" width=\"699\" height=\"662\" class=\"wp-image-935\" alt=\"Zonas tur\u00edsticas\" src=\"https:\/\/www.puravidauniversity.eu\/wp-content\/uploads\/2016\/12\/MAPA-COSTA-RICA_ZONAS-TURISTICAS-1024x948.png\"><figcaption class=\"caption wp-caption-text\">Haupttouristengebiete<\/figcaption><\/figure>\n<p>&nbsp;<\/p>\n<p>F\u00fcr eine detaillierte Landkarte Costa Ricas <a href=\"https:\/\/drive.google.com\/open?id=0B1wvJAOjczkYcFJkSE5fWmoyTW8\"><strong>hier<\/strong><\/a> klicken!<\/p>\n<p>&nbsp;<\/p>\n<p>&nbsp;<\/p>\n<p>&nbsp;<\/p>\n<h5>Strand und Sonne an zwei Weltmeeren<\/h5>\n<p>Lediglich 320 Kilometer trennen die beiden K\u00fcsten \u2013 warum nicht also das Fr\u00fchst\u00fcck in der Karibik und das Abendessen am Pazifik planen? Costa Rica trumpft mit kilometerlangen tropischen wei\u00dfen und schwarzen Sandstr\u00e4nden sowie einsamen Buchten und Korallenriffen. W\u00e4hrend die bekanntesten Pazifikstr\u00e4nde in Guanacaste, Manuel Antonio oder auf der Nicoya Halbinsel zu finden sind, zieht es Entdecker in wilde Buchten wie Bah\u00eda Drake, Golfo Dulce oder den Marino Ballena Nationalpark. An der Pazifikk\u00fcste der Region Guanacaste, im \u00e4u\u00dfersten Norden Costa Ricas, sorgen hervorragende Bedingungen an rund 300 Tagen im Jahr f\u00fcr die perfekten Wellen. Aber auch weiter s\u00fcdlich befinden sich beliebte Surf-Gebiete, wie die K\u00fcstenabschnitte am Pazifik zwischen Roca Bruja und Malpa\u00eds sowie zwischen Dominical und Pavones.<\/p>\n<p>&nbsp;<\/p>\n<figure id=\"attachment_602\" class=\"thumbnail wp-caption aligncenter\" style=\"width: 700px\"><img loading=\"lazy\" width=\"700\" height=\"262\" class=\"wp-image-602\" alt=\"Paradiesische Str\u00e4nde im Nationalpark Manuel Antonio\" src=\"https:\/\/www.puravidauniversity.eu\/wp-content\/uploads\/2016\/11\/PLAYAS-MANUEL-ANTONIO-COSTA-RICA-1024x384.jpg\" srcset=\"https:\/\/www.puravidauniversity.eu\/de\/wp-content\/uploads\/sites\/6\/2016\/11\/PLAYAS-MANUEL-ANTONIO-COSTA-RICA-1024x384.jpg 1024w, https:\/\/www.puravidauniversity.eu\/de\/wp-content\/uploads\/sites\/6\/2016\/11\/PLAYAS-MANUEL-ANTONIO-COSTA-RICA-300x112.jpg 300w, https:\/\/www.puravidauniversity.eu\/de\/wp-content\/uploads\/sites\/6\/2016\/11\/PLAYAS-MANUEL-ANTONIO-COSTA-RICA-768x288.jpg 768w, https:\/\/www.puravidauniversity.eu\/de\/wp-content\/uploads\/sites\/6\/2016\/11\/PLAYAS-MANUEL-ANTONIO-COSTA-RICA.jpg 1409w\" sizes=\"(max-width: 700px) 100vw, 700px\" \/><figcaption class=\"caption wp-caption-text\">Paradiesische Str\u00e4nde im Nationalpark Manuel Antonio<\/figcaption><\/figure>\n<p>&nbsp;<\/p>\n<p>Die costa-ricanische Karibik fasziniert mit Orten wie Puerto Viejo und Cahuita mit Tropenstrand und Regenwald sowie karibischer K\u00fcche, Kl\u00e4ngen von Calypso- und Reggae-Musik und Kultur. Das Gebiet der Karibik zeichnet sich durch die Vielfalt seiner aquatischen \u00d6kosysteme und schwarzen und wei\u00dfen Sandstr\u00e4nde aus. Die Karibikk\u00fcste steht auch oben auf der Surfer-Liste.<\/p>\n<p>Ob Yoga, Surfen, Schnorcheln, Tauchen oder Bootsausfl\u00fcge zu vorgelagerten Inseln wie die Isla Tortuga am Zentralpazifik oder die Isla Ca\u00f1o im s\u00fcdlichen Pazifik \u2013 langweilig wird es an beiden K\u00fcsten nicht.<\/p>\n<p>&nbsp;<\/p>\n<p>&nbsp;<\/p>\n<h5>\u00d6ko-Tourismus: Ein Paradies f\u00fcr Biodiversit\u00e4t<\/h5>\n<p>Der Artenreichtum des kleinen Landes ist legend\u00e4r und z\u00e4hlt zu den gr\u00f6\u00dften der Erde: Mit einer Landesfl\u00e4che von 51.100 Quadrat-kilometern ist Costa Rica nur etwas gr\u00f6\u00dfer als die Schweiz und bedeckt gerade mal 0,03 Prozent der Erdoberfl\u00e4che, birgt aber f\u00fcnf Prozent der gesamten Flora und Fauna des Planeten. \u00dcber ein Viertel des Landes steht unter Naturschutz. Kein Wunder, dass das tropische Naturreiseziel zu einem der wichtigsten der Welt und Vorreiter im nachhaltigen \u00d6kotourismus z\u00e4hlt. Vielf\u00e4ltige Landschafen wechseln sich ab: etwa 29 Nationalparks, 8 biologische Naturreservate und zahlreiche Schutzgebiete mit \u00fcppigen Regen- und Trockenw\u00e4ldern, dichten Mangrovens\u00fcmpfen und mystischen Bergnebelw\u00e4ldern. Darunter die bekannteren wie Manuel Antonio, Monteverde mit seinen H\u00e4ngebr\u00fccken \u00fcber den Baumwipfeln, Tortuguero mit seinen Kan\u00e4len und Brutstr\u00e4nden f\u00fcr Meeresschildkr\u00f6ten oder der unber\u00fchrte wilde Corcovado Nationalpark. Weite Traumstr\u00e4nde an der Pazifikk\u00fcste oder karibisches Tiefland, wo tropischer Regenwald auf unber\u00fchrte Str\u00e4nde sowie ein einzigartiges Kanalsystem trifft. Mit rund 100 erloschenen und sieben aktiven Vulkanen lockt Costa Rica au\u00dferdem als Land der Vulkane. Unbedingt sehenswert: der imposante Arenal mit seiner perfekten Kegelform, der Landesh\u00f6chste Iraz\u00fa, der Po\u00e1s mit dem zweitgr\u00f6\u00dften Krater der Welt und der Rinc\u00f3n de la Vieja mit blubbernden Schlamml\u00f6chern und Geysiren.<\/p>\n<p>&nbsp;<\/p>\n<img loading=\"lazy\" width=\"550\" height=\"365\" class=\"aligncenter wp-image-585\" alt=\"Lapa costarricense\" src=\"https:\/\/www.puravidauniversity.eu\/wp-content\/uploads\/2016\/11\/LAPA-COSTA-RICA.jpg\" srcset=\"https:\/\/www.puravidauniversity.eu\/de\/wp-content\/uploads\/sites\/6\/2016\/11\/LAPA-COSTA-RICA.jpg 700w, https:\/\/www.puravidauniversity.eu\/de\/wp-content\/uploads\/sites\/6\/2016\/11\/LAPA-COSTA-RICA-300x199.jpg 300w\" sizes=\"(max-width: 550px) 100vw, 550px\" \/>\n<p>&nbsp;<\/p>\n<p>Auch die <strong>exotische Tierwelt<\/strong> beeindruckt und l\u00e4dt zur Tierbeobachtung ein: \u00fcber 900 Vogelarten, darunter der seltene Quetzal, Tukane und Kolibris sowie Hunderte von S\u00e4ugetierspezies und Reptilienarten. Besonders beliebte Fotomotive sind Affen, Faultiere, V\u00f6gel, Fr\u00f6sche sowie die gesch\u00fctzten Meeresschildkr\u00f6ten, die jedes Jahr zur Eiablage an die Pazifik- und Atlantikk\u00fcste kommen.<br \/>\n&nbsp;<\/p>\n<p>Zu einigen beliebten Aktivit\u00e4ten z\u00e4hlen:<\/p>\n<ul>\n<li>Besuche von Nationalparks und Naturschutzgebieten, W\u00e4ldern, Seen, Fl\u00fcsse und Vulkane<\/li>\n<li>Wanderausritte<\/li>\n<li>Sesselliftfahrt im tropischen Regenwald<\/li>\n<li>Tierbeobachtung<\/li>\n<\/ul>\n<p>&nbsp;<\/p>\n<p>&nbsp;<\/p>\n<h5>Abenteuer- und Aktivtourismus<\/h5>\n<p>Lust auf Wildwasserrafting und Kajaktouren in rei\u00dfenden Fl\u00fcssen wie dem Rio Pacuare und Canyoning an riesigen Wasserf\u00e4llen? Surfen und Tauchen im Atlantik und Pazifik? Die zahlreichen Nationalparks und Vulkane zu Fu\u00df, per Rad oder hoch zu Ross erkunden? Den h\u00f6chsten Gipfel Costa Ricas im Nationalpark Chirrip\u00f3 besteigen? Oder lieber \u00fcber H\u00e4ngebr\u00fccken durch die Baumkronen des Regenwaldes wandern und bei einer Canopy-Tour wie Tarzan mit einem Drahtseil durch die Dschungell\u00fcfte sausen? An Land, im Wasser oder in der Luft \u2013 Costa Rica gilt international als Mekka f\u00fcr Abenteuer- und Aktivtourismus mit 365 Tagen Saison.<\/p>\n<p>&nbsp;<\/p>\n<figure id=\"attachment_573\" class=\"thumbnail wp-caption aligncenter\" style=\"width: 700px\"><img loading=\"lazy\" width=\"700\" height=\"514\" class=\"wp-image-573 size-full\" alt=\"canopy-y-tirolina-en-costa-rica\" src=\"https:\/\/www.puravidauniversity.eu\/wp-content\/uploads\/2016\/11\/CANOPY-Y-TIROLINA-EN-COSTA-RICA.jpg\" srcset=\"https:\/\/www.puravidauniversity.eu\/de\/wp-content\/uploads\/sites\/6\/2016\/11\/CANOPY-Y-TIROLINA-EN-COSTA-RICA.jpg 700w, https:\/\/www.puravidauniversity.eu\/de\/wp-content\/uploads\/sites\/6\/2016\/11\/CANOPY-Y-TIROLINA-EN-COSTA-RICA-300x220.jpg 300w\" sizes=\"(max-width: 700px) 100vw, 700px\" \/><figcaption class=\"caption wp-caption-text\">Rappel y canopy<\/figcaption><\/figure>\n<p>&nbsp;<\/p>\n<p>In dem vielf\u00e4ltigen Land voller Vulkane, W\u00e4lder, T\u00e4ler, Berge, H\u00f6hlen, riesiger Wasserf\u00e4lle und rei\u00dfender Fl\u00fcsse gibt es eine gro\u00dfe Auswahl an unterschiedlichsten Aktivit\u00e4ten:<\/p>\n<ul>\n<li>Kajak<\/li>\n<li>Tauchen<\/li>\n<li>Radfahren<\/li>\n<li>Rafting<\/li>\n<li>Reiten<\/li>\n<li>Sportfischen<\/li>\n<li>Golf<\/li>\n<li>Windsurfen<\/li>\n<li>Surfen<\/li>\n<li>ATV-Touren<\/li>\n<li>Vulkanbesteigung<\/li>\n<li>Canopy \/ Zipline und Seilbahn<\/li>\n<\/ul>\n<p>&nbsp;<\/p>\n<p>&nbsp;<\/p>\n<h5>L\u00e4ndlicher (Gemeinde-)Tourismus<\/h5>\n<p>Der <strong>Turismo Rural<\/strong> soll die Integration der lokalen Gemeinden f\u00f6rdern und gibt einen Einblick in das Landleben von Bauern, indigene Bev\u00f6lkerungsgruppen und spannende Gemeindeprojekte. Einheimische erz\u00e4hlen von ihrem Alltag, ihrer Kultur und ihren Traditionen: Von der Kaffeepflanze bis in die Tasse \u2013 beim Besuch einer Kaffeeplantage im zentralen Hochland erkl\u00e4ren Kaffeebauern die Produktion der wertvollen Kaffeebohne \u201eGrano de Oro\u201c.<\/p>\n<p>&nbsp;<\/p>\n<figure id=\"attachment_599\" class=\"thumbnail wp-caption aligncenter\" style=\"width: 700px\"><img loading=\"lazy\" width=\"700\" height=\"245\" class=\"wp-image-599\" alt=\"Desfile de boyeros\" src=\"https:\/\/www.puravidauniversity.eu\/wp-content\/uploads\/2016\/11\/DESFILE-DE-BOYEROS-EN-COSTA-RICA-1024x358.jpg\" srcset=\"https:\/\/www.puravidauniversity.eu\/de\/wp-content\/uploads\/sites\/6\/2016\/11\/DESFILE-DE-BOYEROS-EN-COSTA-RICA-1024x358.jpg 1024w, https:\/\/www.puravidauniversity.eu\/de\/wp-content\/uploads\/sites\/6\/2016\/11\/DESFILE-DE-BOYEROS-EN-COSTA-RICA-300x105.jpg 300w, https:\/\/www.puravidauniversity.eu\/de\/wp-content\/uploads\/sites\/6\/2016\/11\/DESFILE-DE-BOYEROS-EN-COSTA-RICA-768x268.jpg 768w, https:\/\/www.puravidauniversity.eu\/de\/wp-content\/uploads\/sites\/6\/2016\/11\/DESFILE-DE-BOYEROS-EN-COSTA-RICA.jpg 1345w\" sizes=\"(max-width: 700px) 100vw, 700px\" \/><figcaption class=\"caption wp-caption-text\">Desfile de boyeros<\/figcaption><\/figure>\n<p>&nbsp;<\/p>\n<p>Weitere interessante Programmpunkte f\u00fcr kulturell und gastronomisch Interessierte: Besichtigung einer Bananen-, Ananas- oder Kakaoplantage, Besuch einer Dorfschule, kulinarische Entdeckungstouren \u00fcber den Markt, das Essen in einer Soda, interessante Museen, die Herstellung von Kunsthandwerk wie den bunten Ochsenkarren und vieles mehr. Zahlreiche Volksfeste sowie religi\u00f6se Feierlichkeiten und Prozessionen beeindrucken mit Musik, Tanz und lokalen K\u00f6stlichkeiten.<\/p>\n<p><span style=\"text-decoration: underline\">Weitere Informationen:<\/span><br \/>\nCosta-ricanischer Verein f\u00fcr den L\u00e4ndlichen Gemeindetourismus ACTUAR: <a href=\"http:\/\/www.actuarcostarica.com\" target=\"_blank\" rel=\"noopener noreferrer\">www.actuarcostarica.com<\/a><\/p>\n<p><a href=\"http:\/\/www.turismoruralcr.com\" target=\"_blank\" rel=\"noopener noreferrer\">www.turismoruralcr.com<\/a><\/p>\n<p>&nbsp;<\/p>\n<p>&nbsp;<\/p>\n<h5>Kultur und Gastronomie<\/h5>\n<p><strong>Pura Vida: Costa Rica ist authentisch, traditionell und kulturell<\/strong><\/p>\n<p>&nbsp;<br \/>\nDer Reichtum Costa Ricas liegt in der kulturellen Vielfalt der Menschen. Gegenw\u00e4rtig acht verschiedene ethnische <strong>indigene V\u00f6lker der Bribri, Cab\u00e9car, Maleku, Teribe, Boruca, Ng\u00f6be, Huetar und Chorotega<\/strong>.<\/p>\n<p>&nbsp;<\/p>\n<figure id=\"attachment_572\" class=\"thumbnail wp-caption aligncenter\" style=\"width: 700px\"><img loading=\"lazy\" width=\"700\" height=\"522\" class=\"size-full wp-image-572\" alt=\"Proceso de creaci\u00f3n de m\u00e1scaras\" src=\"https:\/\/www.puravidauniversity.eu\/wp-content\/uploads\/2016\/11\/ARTESANIA-EN-COSTA-RICA.jpg\" srcset=\"https:\/\/www.puravidauniversity.eu\/de\/wp-content\/uploads\/sites\/6\/2016\/11\/ARTESANIA-EN-COSTA-RICA.jpg 700w, https:\/\/www.puravidauniversity.eu\/de\/wp-content\/uploads\/sites\/6\/2016\/11\/ARTESANIA-EN-COSTA-RICA-300x224.jpg 300w\" sizes=\"(max-width: 700px) 100vw, 700px\" \/><figcaption class=\"caption wp-caption-text\">Proceso de creaci\u00f3n de m\u00e1scaras<\/figcaption><\/figure>\n<p>&nbsp;<\/p>\n<p>Die Costa-Ricaner sind stolz auf ihre mehr als ein Jahrhundert alte Tradition der Demokratie und mehr als 50 Jahre ohne Milit\u00e4r, welches im Jahr 1948 abgeschafft wurde. Investiert wurde stattdessen in die Verbesserung des Lebensstandards, Gesundheit und Bildung. Die einzigartige <strong>Gastfreundschaft und Herzlichkeit<\/strong> der Bewohner fasziniert: \u201ePura Vida\u201c ist mehr als nur ein Ausdruck f\u00fcr \u201epures Leben\u201c \u2013 es ist das Lebensgef\u00fchl der freundlichen \u201eTicos\u201c, das die Begegnung mit Land und Leuten einzigartig macht. Kein Wunder, dass die Costa Ricaner zu den gl\u00fccklichsten Menschen der Welt z\u00e4hlen. Zahlreiche Volksfeste sowie religi\u00f6se Feierlichkeiten und Prozessionen beeindrucken mit Musik, Tanz und lokalen K\u00f6stlichkeiten.<\/p>\n<p>&nbsp;<\/p>\n<p>&nbsp;<\/p>\n<h5>Wellness und Entspannung mit allen Sinnen<\/h5>\n<p>Gestresst vom Alltag und urlaubsreif? Costa Rica lockt mit einer perfekten Kombination aus authentischen Naturerlebnissen mit allen Sinnen und moderner Infrastruktur. Die Landschaft l\u00e4dt ein zum Ausruhen in tiefgr\u00fcnen Regenw\u00e4ldern, stillen T\u00e4lern und idyllischen H\u00fcgellandschaften sowie endlosen Tropenstr\u00e4nden. Besonders wohltuende Natur-Wellness \u00e0 la \u201ePura Vida\u201c f\u00fcr K\u00f6rper und Geist: ein Bad in hei\u00dfen Thermalquellen am Fu\u00dfe eines Vulkans inmitten tropischer Vegetation oder ein Peeling aus Vulkanschlamm. Dar\u00fcber hinaus locken hochwertige Spa-Anwendungen mit Massagen und Entspannungsangebote wie Yoga, Meditation und vieles mehr.<\/p>\n<p>&nbsp;<\/p>\n<figure id=\"attachment_603\" class=\"thumbnail wp-caption aligncenter\" style=\"width: 700px\"><img loading=\"lazy\" width=\"700\" height=\"230\" class=\"wp-image-603\" alt=\"Tratamiento con caf\u00e9\" src=\"https:\/\/www.puravidauniversity.eu\/wp-content\/uploads\/2016\/11\/WELLNESS-EN-COSTA-RICA-1024x336.jpg\" srcset=\"https:\/\/www.puravidauniversity.eu\/de\/wp-content\/uploads\/sites\/6\/2016\/11\/WELLNESS-EN-COSTA-RICA-1024x336.jpg 1024w, https:\/\/www.puravidauniversity.eu\/de\/wp-content\/uploads\/sites\/6\/2016\/11\/WELLNESS-EN-COSTA-RICA-300x98.jpg 300w, https:\/\/www.puravidauniversity.eu\/de\/wp-content\/uploads\/sites\/6\/2016\/11\/WELLNESS-EN-COSTA-RICA-768x252.jpg 768w, https:\/\/www.puravidauniversity.eu\/de\/wp-content\/uploads\/sites\/6\/2016\/11\/WELLNESS-EN-COSTA-RICA.jpg 1380w\" sizes=\"(max-width: 700px) 100vw, 700px\" \/><figcaption class=\"caption wp-caption-text\">Tratamiento con caf\u00e9<\/figcaption><\/figure>\n<p>&nbsp;<\/p>\n<p>Einzigartige und komfortable Unterk\u00fcnfte mit Blick auf Vulkane, Seen, Fl\u00fcsse, Urwald oder Meer in atemberaubender Umgebung lassen die Erholung in Costa Rica bereits bei der \u00dcbernachtung beginnen. Costa Rica bietet Unterk\u00fcnfte f\u00fcr jeden Geschmack: von einfachen Caba\u00f1as \u00fcber rustikale und luxuri\u00f6se \u00d6ko-Lodges inmitten der Natur, charmante Boutique-Hotels bis hin zu F\u00fcnf-Sterne Spa- und Wellnesshotels am Strand und in der Stadt. Costa Rica bietet eine ideale Kombination aus paradiesischen Unterk\u00fcnften fernab dem Alltag, erstklassigem Komfort und moderner Infrastruktur \u2013 Wellness Pura Vida!<\/p>\n<p>&nbsp;<\/p>\n<p>&nbsp;<\/p>\n<h5>Hochzeitsreisen<\/h5>\n<p>Der Traum aller Hochzeitspaare und Frischverm\u00e4hlten: Hand in Hand auf einem paradiesischen Strand gehen, den weichen Sand unter den F\u00fc\u00dfen sp\u00fcren. Costa Rica bietet eine Vielzahl an Str\u00e4nden in den verschiedensten Farbschattierungen, die die Hochzeitsreise unvergesslich machen. Tauchend die Unterwasserwelt erforschen, ein Boot man\u00f6vrieren, in Kajaks das offene Meer und einsame Buchten erkunden, Fischen, Golf spielen oder unber\u00fchrte Nationalparks mit dichten Regen- und Nebelw\u00e4ldern besuchen. Flitterwochen in Costa Rica bedeuten Leidenschaft und Romantik, Abenteuer und Entspannung und unvergessliche Erlebnisse.<\/p>\n<p>&nbsp;<\/p>\n<p><img loading=\"lazy\" width=\"600\" height=\"399\" class=\"aligncenter wp-image-578\" alt=\"lunas-de-miel-en-costa-rica\" src=\"https:\/\/www.puravidauniversity.eu\/wp-content\/uploads\/2016\/11\/LUNAS-DE-MIEL-EN-COSTA-RICA.jpg\" srcset=\"https:\/\/www.puravidauniversity.eu\/de\/wp-content\/uploads\/sites\/6\/2016\/11\/LUNAS-DE-MIEL-EN-COSTA-RICA.jpg 700w, https:\/\/www.puravidauniversity.eu\/de\/wp-content\/uploads\/sites\/6\/2016\/11\/LUNAS-DE-MIEL-EN-COSTA-RICA-300x199.jpg 300w\" sizes=\"(max-width: 600px) 100vw, 600px\" \/><\/p>\n<p>&nbsp;<\/p>\n<p>Der Erholungsurlaub in Costa Rica beginnt bereits bei der \u00dcbernachtung. Costa Rica bietet den Frischverm\u00e4hlten Unterk\u00fcnfte f\u00fcr jeden Geschmack: von einfachen Caba\u00f1as \u00fcber rustikale und luxuri\u00f6se \u00d6ko-Lodges inmitten der Natur, charmante Boutique-Hotels bis hin zu F\u00fcnf-Sterne Spa- und Wellnesshotels am Strand und in der Stadt. Ob Vulkan, See, Nationalpark, Strand oder Regenwald \u2013 den G\u00e4sten ist ein guter Ausblick garantiert.<\/p>\n<p>&nbsp;<\/p>\n<p>&nbsp;<\/p>\n<h5>Familienurlaub<\/h5>\n<p><strong>Costa Rica \u2013 Faszination f\u00fcr Gro\u00df und Klein<\/strong><\/p>\n<p>&nbsp;<br \/>\nDas weltweite Touristenangebot legt sein Augenmerk zunehmend auf den steigenden Bedarf des Familien-Tourismus. In der \u201eSchweiz Zentralamerikas\u201c f\u00fchlen sich Familien besonders wohl: Politische Stabilit\u00e4t und Sicherheit, kurze Distanzen im Land, eine moderne touristische Infrastruktur und gute Gesundheitsversorgung. Eine ideale Mischung aus Sport, Abenteuer, Natur und Erholung, Tierbeobachtung und Kultur stehen auf dem Familienprogramm.<\/p>\n<p>&nbsp;<\/p>\n<p><img loading=\"lazy\" width=\"558\" height=\"433\" class=\"size-full wp-image-852 aligncenter\" alt=\"turismo_en_familia\" src=\"https:\/\/www.puravidauniversity.eu\/wp-content\/uploads\/2016\/11\/turismo_en_familia.jpg\" srcset=\"https:\/\/www.puravidauniversity.eu\/de\/wp-content\/uploads\/sites\/6\/2016\/11\/turismo_en_familia.jpg 558w, https:\/\/www.puravidauniversity.eu\/de\/wp-content\/uploads\/sites\/6\/2016\/11\/turismo_en_familia-300x233.jpg 300w\" sizes=\"(max-width: 558px) 100vw, 558px\" \/><\/p>\n<p>&nbsp;<\/p>\n<p>In Costa Rica wird vor allem das Umweltbewusstsein gepr\u00e4gt: Das Wildnis-Wunderland steht zu einem Drittel unter Naturschutz und kleine Entdecker k\u00f6nnen exotische Tiere und Pflanzen kennenlernen. Im m\u00e4rchenhaften Monteverde Nebelwald fasziniert der G\u00f6ttervogel \u201eQuetzal\u201c. Abenteuer mit Naturerlebnis f\u00fcr die ganze Familie ist beim Canopy oder einer Wanderung \u00fcber die bekannten H\u00e4ngebr\u00fccken garantiert. An der Karibikk\u00fcste Costa Ricas ist der Nationalpark Tortuguero ein H\u00f6hepunkt f\u00fcr Gro\u00df und Klein.<\/p>\n<p>&nbsp;<\/p>\n<p>&nbsp;<\/p>\n<h5>Kongresse<\/h5>\n<p>Costa Rica bietet ideale Voraussetzungen f\u00fcr Kongresse: Eine Symbiose von geeigneter Infrastruktur in der Stadt, inmitten von Str\u00e4nden oder herrlicher Natur erlaubt Gesch\u00e4ftsreisenden erfolgreiche Meetings, Kongresse und Events.<\/p>\n<p>&nbsp;<\/p>\n<figure id=\"attachment_574\" class=\"thumbnail wp-caption aligncenter\" style=\"width: 600px\"><img loading=\"lazy\" width=\"600\" height=\"450\" class=\"wp-image-574\" alt=\"Centro de Convenciones ICT\" src=\"https:\/\/www.puravidauniversity.eu\/wp-content\/uploads\/2016\/11\/CENTRO-CONVENCIONES-ICT-COSTA-RICA.jpg\" srcset=\"https:\/\/www.puravidauniversity.eu\/de\/wp-content\/uploads\/sites\/6\/2016\/11\/CENTRO-CONVENCIONES-ICT-COSTA-RICA.jpg 700w, https:\/\/www.puravidauniversity.eu\/de\/wp-content\/uploads\/sites\/6\/2016\/11\/CENTRO-CONVENCIONES-ICT-COSTA-RICA-300x225.jpg 300w\" sizes=\"(max-width: 600px) 100vw, 600px\" \/><figcaption class=\"caption wp-caption-text\">Centro de Convenciones ICT<\/figcaption><\/figure>\n<p>&nbsp;<\/p>\n<p>Der bequeme Anschluss an die Flugh\u00e4fen in der N\u00e4he der Hauptveranstaltungszentren, das gro\u00dfe Serviceangebot f\u00fcr Unterkunft und Verpflegung, die politische Stabilit\u00e4t und die damit verbundene Sicherheit sind nur einige Gr\u00fcnde f\u00fcr Gesch\u00e4ftsreisen nach Costa Rica. Aufgrund der kurzen Distanzen im Land bieten sich Ausfl\u00fcge in die Umgebung an: Regenw\u00e4lder, Vulkane, Fl\u00fcsse, Str\u00e4nde und unz\u00e4hlige Sch\u00f6nheiten der Natur. Derzeit wird ein neues Kongresszentrum gebaut.<\/p>\n<p>&nbsp;<\/p>\n<p>&nbsp;<\/p>\n<p>&nbsp;<\/p>\n","protected":false},"excerpt":{"rendered":"<p>&nbsp; Themen und Produkte &nbsp; Costa Rica beeindruckt seine Besucher mit einer enormen Vielfalt an Angeboten, die ideal kombiniert werden k\u00f6nnen. &nbsp; &nbsp; F\u00fcr eine detaillierte Landkarte Costa Ricas hier klicken! &nbsp; &nbsp; &nbsp; Strand und Sonne an zwei Weltmeeren &hellip; <a href=\"https:\/\/www.puravidauniversity.eu\/de\/themen-und-produkte\/\">Weiterlesen<\/a><\/p>\n","protected":false},"author":1,"featured_media":0,"parent":0,"menu_order":0,"comment_status":"closed","ping_status":"closed","template":"","meta":[],"_links":{"self":[{"href":"https:\/\/www.puravidauniversity.eu\/de\/wp-json\/wp\/v2\/pages\/586"}],"collection":[{"href":"https:\/\/www.puravidauniversity.eu\/de\/wp-json\/wp\/v2\/pages"}],"about":[{"href":"https:\/\/www.puravidauniversity.eu\/de\/wp-json\/wp\/v2\/types\/page"}],"author":[{"embeddable":true,"href":"https:\/\/www.puravidauniversity.eu\/de\/wp-json\/wp\/v2\/users\/1"}],"replies":[{"embeddable":true,"href":"https:\/\/www.puravidauniversity.eu\/de\/wp-json\/wp\/v2\/comments?post=586"}],"version-history":[{"count":103,"href":"https:\/\/www.puravidauniversity.eu\/de\/wp-json\/wp\/v2\/pages\/586\/revisions"}],"predecessor-version":[{"id":1795,"href":"https:\/\/www.puravidauniversity.eu\/de\/wp-json\/wp\/v2\/pages\/586\/revisions\/1795"}],"wp:attachment":[{"href":"https:\/\/www.puravidauniversity.eu\/de\/wp-json\/wp\/v2\/media?parent=586"}],"curies":[{"name":"wp","href":"https:\/\/api.w.org\/{rel}","templated":true}]}}