{"id":272,"date":"2016-11-14T17:05:24","date_gmt":"2016-11-14T15:05:24","guid":{"rendered":"https:\/\/www.puravidauniversity.eu\/de\/?page_id=272"},"modified":"2021-01-21T21:14:54","modified_gmt":"2021-01-21T19:14:54","slug":"broschueren","status":"publish","type":"page","link":"https:\/\/www.puravidauniversity.eu\/de\/broschueren\/","title":{"rendered":"Brosch\u00fcren"},"content":{"rendered":"\n<h1>Brosch\u00fcren<\/h1>\n\n\n\n<div class=\"wp-block-columns\">\n<div class=\"wp-block-column\">\n<div class=\"wp-block-image\"><figure class=\"aligncenter size-large is-resized\"><a onclick=\"ga('send','event','Download','click','Einreise');\" href=\"https:\/\/1drv.ms\/b\/s!Alkv6FkRHj4XgfAVTs703wv_l9Z0fw?e=5tlMTU\"><img width=\"388\" class=\"wp-image-1750\" alt=\"\" src=\"https:\/\/www.puravidauniversity.eu\/de\/wp-content\/uploads\/sites\/6\/2021\/01\/Einreisebestimmungen.jpg\"><\/a><\/figure><\/div>\n<\/div>\n\n\n\n<div class=\"wp-block-column\">\n<div class=\"wp-block-image\"><figure class=\"aligncenter size-large is-resized\"><a onclick=\"ga('send','event','Download','click','CostaRicaSalesInfo');\" href=\"https:\/\/1drv.ms\/b\/s!Alkv6FkRHj4XgfAUavClLANod46tRQ?e=o2CUJD\"><img width=\"388\" class=\"wp-image-1750\" alt=\"\" src=\"https:\/\/www.puravidauniversity.eu\/de\/wp-content\/uploads\/sites\/6\/2021\/01\/Costa-Rica_Sales-Booklet.jpg\"><\/a><\/figure><\/div>\n<\/div>\n<\/div>\n\n\n\n<div class=\"wp-block-columns alignwide\">\n<div class=\"wp-block-column is-vertically-aligned-center\">\n<div class=\"wp-block-image\"><figure class=\"aligncenter size-large\"><a onclick=\"ga('send','event','Download','click','Malbuch');\" href=\"https:\/\/1drv.ms\/b\/s!Alkv6FkRHj4Xgdpyv8bhpvYrh0pIhg?e=1UlJaw\"><img loading=\"lazy\" width=\"913\" height=\"669\" class=\"wp-image-1692\" alt=\"\" src=\"https:\/\/www.puravidauniversity.eu\/de\/wp-content\/uploads\/sites\/6\/2020\/04\/MalbuchCover.png\" srcset=\"https:\/\/www.puravidauniversity.eu\/de\/wp-content\/uploads\/sites\/6\/2020\/04\/MalbuchCover.png 913w, https:\/\/www.puravidauniversity.eu\/de\/wp-content\/uploads\/sites\/6\/2020\/04\/MalbuchCover-300x220.png 300w, https:\/\/www.puravidauniversity.eu\/de\/wp-content\/uploads\/sites\/6\/2020\/04\/MalbuchCover-768x563.png 768w\" sizes=\"(max-width: 913px) 100vw, 913px\" \/><\/a><\/figure><\/div>\n<\/div>\n\n\n\n<div class=\"wp-block-column is-vertically-aligned-center\">\n<div style=\"height:100px\" aria-hidden=\"true\" class=\"wp-block-spacer\"><\/div>\n\n\n\n<div class=\"wp-block-image\"><figure class=\"aligncenter size-large is-resized\"><a onclick=\"ga('send','event','Download','click','Guanacaste');\" href=\"https:\/\/1drv.ms\/b\/s!Alkv6FkRHj4XgdopQkUSDGMGj7jmaQ?e=6vE9W1\"><img loading=\"lazy\" width=\"263\" height=\"376\" class=\"wp-image-1750\" alt=\"\" src=\"https:\/\/www.puravidauniversity.eu\/de\/wp-content\/uploads\/sites\/6\/2020\/04\/Cover_Beileger_Guanacaste.png\" srcset=\"https:\/\/www.puravidauniversity.eu\/de\/wp-content\/uploads\/sites\/6\/2020\/04\/Cover_Beileger_Guanacaste.png 367w, https:\/\/www.puravidauniversity.eu\/de\/wp-content\/uploads\/sites\/6\/2020\/04\/Cover_Beileger_Guanacaste-209x300.png 209w\" sizes=\"(max-width: 263px) 100vw, 263px\" \/><\/a><\/figure><\/div>\n\n\n\n<p class=\"has-text-align-center\">* ver\u00f6ffentlicht von&nbsp; FVW Medien<\/p>\n<\/div>\n\n\n\n<div class=\"wp-block-column is-vertically-aligned-center\">\n<div class=\"wp-block-image\"><figure class=\"aligncenter size-large\"><a onclick=\"ga('send','event','Download','click','Landkarte_aufklappbar');\" href=\"https:\/\/1drv.ms\/b\/s!Alkv6FkRHj4Xgdoqlzt1HRCxS7zwTA?e=FffpeW\"><img loading=\"lazy\" width=\"488\" height=\"370\" class=\"wp-image-1751\" alt=\"\" src=\"https:\/\/www.puravidauniversity.eu\/de\/wp-content\/uploads\/sites\/6\/2020\/04\/Cover_Karte_fvwtraveltalk.png\" srcset=\"https:\/\/www.puravidauniversity.eu\/de\/wp-content\/uploads\/sites\/6\/2020\/04\/Cover_Karte_fvwtraveltalk.png 488w, https:\/\/www.puravidauniversity.eu\/de\/wp-content\/uploads\/sites\/6\/2020\/04\/Cover_Karte_fvwtraveltalk-300x227.png 300w\" sizes=\"(max-width: 488px) 100vw, 488px\" \/><\/a><\/figure><\/div>\n\n\n\n<p class=\"has-text-align-center\">* ver\u00f6ffentlicht von&nbsp; FVW Medien<\/p>\n<\/div>\n<\/div>\n\n\n\n<div class=\"wp-block-columns alignwide\">\n<div class=\"wp-block-column\">\n<div class=\"wp-block-image\"><figure class=\"aligncenter size-large is-resized\"><a href=\"https:\/\/1drv.ms\/b\/s!Alkv6FkRHj4XgcdTLk07wMHJKlmozA\"><img src=\"https:\/\/www.puravidauniversity.eu\/de\/wp-content\/uploads\/sites\/6\/2020\/04\/FocusCover_Neu.png\" alt=\"\" class=\"wp-image-1753\" width=\"263\" srcset=\"https:\/\/www.puravidauniversity.eu\/de\/wp-content\/uploads\/sites\/6\/2020\/04\/FocusCover_Neu.png 396w, https:\/\/www.puravidauniversity.eu\/de\/wp-content\/uploads\/sites\/6\/2020\/04\/FocusCover_Neu-215x300.png 215w\" sizes=\"(max-width: 396px) 100vw, 396px\" \/><\/a><\/figure><\/div>\n<\/div>\n\n\n\n<div class=\"wp-block-column\">\n<div class=\"wp-block-image\"><figure class=\"aligncenter size-large is-resized\"><a onclick=\"ga('send','event','Download','click','Counterinfo');\" href=\"https:\/\/drive.google.com\/open?id=0By4xWlzZ9sFgU3BsYlVUS0lnSm8\"><img width=\"263\" class=\"wp-image-1312\" alt=\"\" src=\"https:\/\/www.puravidauniversity.eu\/de\/wp-content\/uploads\/sites\/6\/2017\/03\/Costa-Rica-fvw-Beilage-2316.jpg\" srcset=\"https:\/\/www.puravidauniversity.eu\/de\/wp-content\/uploads\/sites\/6\/2017\/03\/Costa-Rica-fvw-Beilage-2316.jpg 411w, https:\/\/www.puravidauniversity.eu\/de\/wp-content\/uploads\/sites\/6\/2017\/03\/Costa-Rica-fvw-Beilage-2316-213x300.jpg 213w\" sizes=\"(max-width: 411px) 100vw, 411px\" \/><\/a><\/figure><\/div>\n\n\n\n<p class=\"has-text-align-center\">* ver\u00f6ffentlicht von&nbsp; FVW Medien<\/p>\n<\/div>\n\n\n\n<div class=\"wp-block-column\">\n<div class=\"wp-block-image\"><figure class=\"aligncenter size-large is-resized\"><a href=\"https:\/\/drive.google.com\/open?id=159gM5c6G8ZP12DqgnyQueeyC37ypteNi\"><img src=\"https:\/\/www.puravidauniversity.eu\/de\/wp-content\/uploads\/sites\/6\/2017\/12\/Travelguide.jpg\" alt=\"\" class=\"wp-image-1400\" width=\"263\" srcset=\"https:\/\/www.puravidauniversity.eu\/de\/wp-content\/uploads\/sites\/6\/2017\/12\/Travelguide.jpg 411w, https:\/\/www.puravidauniversity.eu\/de\/wp-content\/uploads\/sites\/6\/2017\/12\/Travelguide-213x300.jpg 213w\" sizes=\"(max-width: 411px) 100vw, 411px\" \/><\/a><\/figure><\/div>\n<\/div>\n<\/div>\n\n\n<p><strong>Weitere Informationsbrosch\u00fcren (in englischer Sprache):<\/strong><br><div class=\"row\"> <div class=\"col-md-3\">\n<h5 style=\"color: #8f993e;\">Abenteuer<\/h5>\n<p><a href=\"https:\/\/drive.google.com\/open?id=0By4xWlzZ9sFgNVVsckhVTnFPd0E\" target=\"_blank\" rel=\"noopener noreferrer\">Mountain Biking<\/a><br><a href=\"https:\/\/drive.google.com\/open?id=0By4xWlzZ9sFgYUpTZElma3JkblE\" target=\"_blank\" rel=\"noopener noreferrer\">Scuba Diving<\/a><br><a href=\"https:\/\/drive.google.com\/open?id=0By4xWlzZ9sFgMk9sS3pWOFNYZUk\" target=\"_blank\" rel=\"noopener noreferrer\">Horseback Riding<\/a><br><a href=\"https:\/\/drive.google.com\/open?id=0By4xWlzZ9sFgOXJ3YmZNR0JrTDg\" target=\"_blank\" rel=\"noopener noreferrer\">Hiking<\/a><br><a href=\"https:\/\/drive.google.com\/open?id=0By4xWlzZ9sFgQXhuQnpxSkhsRmM\" target=\"_blank\" rel=\"noopener noreferrer\">Four Wheelers<\/a><br><a href=\"https:\/\/drive.google.com\/open?id=0By4xWlzZ9sFgd2U4QmF3VjN1RlU\" target=\"_blank\" rel=\"noopener noreferrer\">Fishing<\/a><br><a href=\"https:\/\/drive.google.com\/open?id=0By4xWlzZ9sFgNEkxT08wVHBZclk\" target=\"_blank\" rel=\"noopener noreferrer\">Hanging Bridges, Ziplining, Sky Trams<\/a><br><a href=\"https:\/\/drive.google.com\/open?id=0By4xWlzZ9sFgenZ5NEdvYU1ycTg\" target=\"_blank\" rel=\"noopener noreferrer\">Water Sports<\/a><br><a href=\"https:\/\/drive.google.com\/open?id=0By4xWlzZ9sFgUW5qSlp5SzlIN2c\" target=\"_blank\" rel=\"noopener noreferrer\">Climbing &amp; Rappeling<\/a><br><a href=\"https:\/\/drive.google.com\/open?id=0By4xWlzZ9sFga3kwNHZNdjNhTm8\" target=\"_blank\" rel=\"noopener noreferrer\">Surf<\/a><\/p>\n<\/div><div class=\"col-md-3\">\n<h5 style=\"color: #8f993e;\">Biologische Vielfalt<\/h5>\n<p><a href=\"https:\/\/drive.google.com\/open?id=0By4xWlzZ9sFgMC1VTWlLb2pHN3c\" target=\"_blank\" rel=\"noopener noreferrer\">Botanical Gardens &amp; Zoos<\/a><br><a href=\"https:\/\/drive.google.com\/open?id=0By4xWlzZ9sFgMGFuc3V4QkQtRU0\" target=\"_blank\" rel=\"noopener noreferrer\">Crocodiles in Costa Rica<\/a><br><a href=\"https:\/\/drive.google.com\/open?id=1l12_A05oyDyZ5y_iPCfn8JwiFYSQaacl\" target=\"_blank\" rel=\"noopener noreferrer\">Bird Watching<\/a><br><a href=\"https:\/\/drive.google.com\/open?id=0By4xWlzZ9sFgZ2dxN2NxeDBkQk0\" target=\"_blank\" rel=\"noopener noreferrer\">Turtle Watching<\/a><\/p>\n<p><a href=\"https:\/\/drive.google.com\/open?id=0By4xWlzZ9sFgY3psWlVKUUtEUW8\" target=\"_blank\" rel=\"noopener noreferrer\">Barra Honda National Park<\/a><br><a href=\"https:\/\/drive.google.com\/open?id=0By4xWlzZ9sFgVERhaVNROGtIUTQ\" target=\"_blank\" rel=\"noopener noreferrer\">Braulio Carrillo National Park<\/a><br><a href=\"https:\/\/drive.google.com\/open?id=0By4xWlzZ9sFgblY1VHk0aFRUR2c\" target=\"_blank\" rel=\"noopener noreferrer\">Cahuita National Park<\/a><br><a href=\"https:\/\/drive.google.com\/open?id=0By4xWlzZ9sFgNllPR3IzMzRNLTA\" target=\"_blank\" rel=\"noopener noreferrer\">Carara National Park<\/a><br><a href=\"https:\/\/drive.google.com\/open?id=0By4xWlzZ9sFgWUgxNXJYeU5ING8\" target=\"_blank\" rel=\"noopener noreferrer\">Marino Ballena National Park<\/a><br><a href=\"https:\/\/drive.google.com\/open?id=0By4xWlzZ9sFgZVViM1RMcy1laDg\" target=\"_blank\" rel=\"noopener noreferrer\">Chirrip\u00f3 National Park<\/a><br><a href=\"https:\/\/drive.google.com\/open?id=0By4xWlzZ9sFgX25SRkp1LS1HUWc\" target=\"_blank\" rel=\"noopener noreferrer\">Corcovado National Park<\/a><br><a href=\"https:\/\/drive.google.com\/open?id=0By4xWlzZ9sFgUndzNERDeDlRSzA\" target=\"_blank\" rel=\"noopener noreferrer\">Guayabo National Monument<\/a><br><a href=\"https:\/\/drive.google.com\/open?id=0By4xWlzZ9sFganRkMzNnR18tdVE\" target=\"_blank\" rel=\"noopener noreferrer\">Isla del Coco National Park<\/a><br><a href=\"https:\/\/drive.google.com\/open?id=0By4xWlzZ9sFgZDdpWkpuY25ianM\" target=\"_blank\" rel=\"noopener noreferrer\">Tapant\u00ed National Park<\/a><br><a href=\"https:\/\/drive.google.com\/open?id=0By4xWlzZ9sFgSmphdVRuLU9PRms\" target=\"_blank\" rel=\"noopener noreferrer\">Tortuguero National Park<\/a><br><a href=\"https:\/\/drive.google.com\/open?id=0By4xWlzZ9sFgaHA1djc1TFBKQ2c\" target=\"_blank\" rel=\"noopener noreferrer\">Volc\u00e1n Arenal National Park<\/a><br><a href=\"https:\/\/drive.google.com\/open?id=0By4xWlzZ9sFgalhtVVFJOHJ3ZUE\" target=\"_blank\" rel=\"noopener noreferrer\">Volc\u00e1n Iraz\u00fa National Park<\/a><br><a href=\"https:\/\/drive.google.com\/open?id=0By4xWlzZ9sFgS2h5WUduVlphRkE\" target=\"_blank\" rel=\"noopener noreferrer\">Volc\u00e1n Po\u00e1s National Park<\/a><br><a href=\"https:\/\/drive.google.com\/open?id=0By4xWlzZ9sFgb1QtNDRqZm4ya1E\" target=\"_blank\" rel=\"noopener noreferrer\">Tenorio Volcano National Park<\/a><br><a href=\"https:\/\/drive.google.com\/open?id=0By4xWlzZ9sFgX0tWRXdfeWs3cEU\" target=\"_blank\" rel=\"noopener noreferrer\">Manuel Antonio National Park<\/a><br><a href=\"https:\/\/drive.google.com\/open?id=0By4xWlzZ9sFgNzdiNUs0bDExTlE\" target=\"_blank\" rel=\"noopener noreferrer\">Palo Verde National Park<\/a><br><a href=\"https:\/\/drive.google.com\/open?id=0By4xWlzZ9sFgNlFLWTUzNmkyYlE\" target=\"_blank\" rel=\"noopener noreferrer\">Los Quetzales National Park<\/a><br><a href=\"https:\/\/drive.google.com\/open?id=0By4xWlzZ9sFgak5jaF9IcGdmeEk\" target=\"_blank\" rel=\"noopener noreferrer\">Rinc\u00f3n de la Vieja National Park<\/a><br><a href=\"https:\/\/drive.google.com\/open?id=0By4xWlzZ9sFgOThtQWxfSFdiRmM\" target=\"_blank\" rel=\"noopener noreferrer\">Santa Rosa National Park<\/a><br><a href=\"https:\/\/drive.google.com\/open?id=0By4xWlzZ9sFgdU9yT19lOElHZFU\" target=\"_blank\" rel=\"noopener noreferrer\">Gandoca Manzanillo Refuge<\/a><br><\/div><div class=\"col-md-3\">\n<h5 style=\"color: #8f993e;\">Kultur<\/h5>\n<p><a href=\"https:\/\/drive.google.com\/open?id=0By4xWlzZ9sFgQnl1cG5TazJjZFU\" target=\"_blank\" rel=\"noopener noreferrer\">Sites throughout Alajuela<\/a><br><a href=\"https:\/\/drive.google.com\/open?id=0By4xWlzZ9sFgZ1M4OXcxR09LUlk\" target=\"_blank\" rel=\"noopener noreferrer\">Sites throughout Cartago<\/a><br><a href=\"https:\/\/drive.google.com\/open?id=0By4xWlzZ9sFgRzFsZHgyVVo4MW8\" target=\"_blank\" rel=\"noopener noreferrer\">Sites throughout Liberia<\/a><br><a href=\"https:\/\/drive.google.com\/open?id=0By4xWlzZ9sFgVVZhOE5IUlI5TTQ\" target=\"_blank\" rel=\"noopener noreferrer\">Sites throughout Lim\u00f3n<\/a><br><a href=\"https:\/\/drive.google.com\/open?id=0By4xWlzZ9sFgcjBfMTNxazZzUzA\" target=\"_blank\" rel=\"noopener noreferrer\">Sites throughout Puntarenas<\/a><br><a href=\"https:\/\/drive.google.com\/open?id=0By4xWlzZ9sFgblN6SUZVRDRhN1E\" target=\"_blank\" rel=\"noopener noreferrer\">Sites throughout Heredia<\/a><br><a href=\"https:\/\/drive.google.com\/open?id=0By4xWlzZ9sFgbUtuYl9rZ0xDT3M\" target=\"_blank\" rel=\"noopener noreferrer\">Sites throughout San Jos\u00e9<\/a><\/p>\n<p><a href=\"https:\/\/drive.google.com\/open?id=0By4xWlzZ9sFgczdmdzljUVNWSG8\" target=\"_blank\" rel=\"noopener noreferrer\">Volcanoes and Colonial Routes<\/a><br><a href=\"https:\/\/drive.google.com\/open?id=0By4xWlzZ9sFgMmNzaU9DeFRBVmM\" target=\"_blank\" rel=\"noopener noreferrer\">Agro-Tourism<\/a><br><a href=\"https:\/\/drive.google.com\/open?id=0By4xWlzZ9sFgWFZMcHhXN3NadjA\" target=\"_blank\" rel=\"noopener noreferrer\">Ancestral Indigenous Territory<\/a><br><a href=\"https:\/\/drive.google.com\/open?id=0By4xWlzZ9sFgQzl3aEtmaDkwMEk\" target=\"_blank\" rel=\"noopener noreferrer\">Museums<\/a><\/p>\n<\/div><div class=\"col-md-3\">\n<h5 style=\"color: #8f993e;\">Karten<\/h5>\n<p><a href=\"https:\/\/drive.google.com\/open?id=0By4xWlzZ9sFgSnJhZ1JXNWJXcGs\" target=\"_blank\" rel=\"noopener noreferrer\">Poas Volcano<\/a><br><a href=\"https:\/\/drive.google.com\/open?id=0By4xWlzZ9sFgeGctMm1JLUZ1bnM\" target=\"_blank\" rel=\"noopener noreferrer\">Carribean<\/a><br><a href=\"https:\/\/drive.google.com\/open?id=0By4xWlzZ9sFgMEs3SFFrSmZfb1k\" target=\"_blank\" rel=\"noopener noreferrer\">Guanacaste<\/a><br><a href=\"https:\/\/drive.google.com\/open?id=0By4xWlzZ9sFgaEk0SDBYeGNnYkk\" target=\"_blank\" rel=\"noopener noreferrer\">Northern Plains<\/a><br><a href=\"https:\/\/drive.google.com\/open?id=0By4xWlzZ9sFgRHNBUXV5UUJPUjg\" target=\"_blank\" rel=\"noopener noreferrer\">Southern Pacific<\/a><br><a href=\"https:\/\/drive.google.com\/open?id=0By4xWlzZ9sFgNjVjUmd2XzRtNFk\" target=\"_blank\" rel=\"noopener noreferrer\">Central Pacific<\/a><br><a href=\"https:\/\/drive.google.com\/open?id=0By4xWlzZ9sFgVjBRcGo0X3RnaXM\" target=\"_blank\" rel=\"noopener noreferrer\">Puntarenas<\/a><br><a href=\"https:\/\/drive.google.com\/open?id=0By4xWlzZ9sFgY2VwR1lPdW5rR3M\" target=\"_blank\" rel=\"noopener noreferrer\">Central Valley<\/a><\/p>\n<p><a href=\"https:\/\/drive.google.com\/open?id=0By4xWlzZ9sFgWjZFRVhpWEZPSzQ\" target=\"_blank\" rel=\"noopener noreferrer\">Bus Schedule<\/a><\/p>\n<h5 style=\"color: #8f993e;\">Sicherheit<\/h5>\n<p><a href=\"https:\/\/drive.google.com\/open?id=0By4xWlzZ9sFgQXJ6bVB0aEVZZjA\" target=\"_blank\" rel=\"noopener noreferrer\">Safety Advice for Swimmers<\/a><br><a href=\"https:\/\/drive.google.com\/open?id=0By4xWlzZ9sFgWm02bnVQY3pjS1U\" target=\"_blank\" rel=\"noopener noreferrer\">Tips for safe driving in Costa Rica<\/a><br><a href=\"https:\/\/drive.google.com\/open?id=0By4xWlzZ9sFgeGFuanFEYU1mSWM\" target=\"_blank\" rel=\"noopener noreferrer\">Safety Passport<\/a><\/p>\n<\/div><\/div>","protected":false},"excerpt":{"rendered":"<p>Brosch\u00fcren * ver\u00f6ffentlicht von&nbsp; FVW Medien * ver\u00f6ffentlicht von&nbsp; FVW Medien * ver\u00f6ffentlicht von&nbsp; FVW Medien Weitere Informationsbrosch\u00fcren (in englischer Sprache):<\/p>\n","protected":false},"author":1,"featured_media":0,"parent":0,"menu_order":0,"comment_status":"closed","ping_status":"closed","template":"","meta":[],"_links":{"self":[{"href":"https:\/\/www.puravidauniversity.eu\/de\/wp-json\/wp\/v2\/pages\/272"}],"collection":[{"href":"https:\/\/www.puravidauniversity.eu\/de\/wp-json\/wp\/v2\/pages"}],"about":[{"href":"https:\/\/www.puravidauniversity.eu\/de\/wp-json\/wp\/v2\/types\/page"}],"author":[{"embeddable":true,"href":"https:\/\/www.puravidauniversity.eu\/de\/wp-json\/wp\/v2\/users\/1"}],"replies":[{"embeddable":true,"href":"https:\/\/www.puravidauniversity.eu\/de\/wp-json\/wp\/v2\/comments?post=272"}],"version-history":[{"count":142,"href":"https:\/\/www.puravidauniversity.eu\/de\/wp-json\/wp\/v2\/pages\/272\/revisions"}],"predecessor-version":[{"id":2262,"href":"https:\/\/www.puravidauniversity.eu\/de\/wp-json\/wp\/v2\/pages\/272\/revisions\/2262"}],"wp:attachment":[{"href":"https:\/\/www.puravidauniversity.eu\/de\/wp-json\/wp\/v2\/media?parent=272"}],"curies":[{"name":"wp","href":"https:\/\/api.w.org\/{rel}","templated":true}]}}