{"id":1085,"date":"2017-02-22T13:00:12","date_gmt":"2017-02-22T13:00:12","guid":{"rendered":"https:\/\/www.puravidauniversity.eu\/de\/?page_id=1085"},"modified":"2019-10-07T14:36:19","modified_gmt":"2019-10-07T12:36:19","slug":"pura-vida-university","status":"publish","type":"page","link":"https:\/\/www.puravidauniversity.eu\/de\/","title":{"rendered":"Pura Vida University"},"content":{"rendered":"<div style=\"width: 100%; margin: 0 auto;\">\n<div style=\"width: 100%;\">\n<h3 style=\"text-align: center;\"><span style=\"font-size: 14pt;\"><a href=\"https:\/\/www.puravidauniversity.eu\/de\/wp-content\/uploads\/sites\/6\/2019\/10\/Alt-1.png\"><img loading=\"lazy\" class=\"wp-image-1595 aligncenter\" src=\"https:\/\/www.puravidauniversity.eu\/de\/wp-content\/uploads\/sites\/6\/2019\/10\/Alt-1-300x178.png\" alt=\"\" width=\"324\" height=\"192\" srcset=\"https:\/\/www.puravidauniversity.eu\/de\/wp-content\/uploads\/sites\/6\/2019\/10\/Alt-1-300x178.png 300w, https:\/\/www.puravidauniversity.eu\/de\/wp-content\/uploads\/sites\/6\/2019\/10\/Alt-1-768x456.png 768w, https:\/\/www.puravidauniversity.eu\/de\/wp-content\/uploads\/sites\/6\/2019\/10\/Alt-1-1024x608.png 1024w, https:\/\/www.puravidauniversity.eu\/de\/wp-content\/uploads\/sites\/6\/2019\/10\/Alt-1.png 1323w\" sizes=\"(max-width: 324px) 100vw, 324px\" \/><\/a><\/span><\/h3>\n<\/div>\n<div style=\"width: 100%;\">\n<h6 style=\"text-align: center;\"><span style=\"font-size: 18pt;\"><strong><span style=\"color: #4d8799;\">Ein offizielles Portal f\u00fcr die deutschsprachige Reisebranche<\/span><\/strong><\/span><\/h6>\n<p style=\"text-align: center; font-size: 14px;\"><span style=\"font-size: 14pt;\">Die Pura Vida University wurde mit dem Ziel ins Leben gerufen, Lerninhalte f\u00fcr den europ\u00e4ischen Markt im Bereich Tourismus zu vereinheitlichen.<\/span><\/p>\n<\/div>\n<\/div>\n<p style=\"text-align: center;\">\u00a0<\/p>\n<p>\u00a0<\/p>\n<p>\u00a0<\/p>\n<p style=\"text-align: center;\"><a href=\"https:\/\/www.puravidauniversity.eu\/de\/wp-content\/uploads\/sites\/6\/2019\/10\/duyos_home.jpg\"><img loading=\"lazy\" class=\"wp-image-1608 aligncenter\" src=\"https:\/\/www.puravidauniversity.eu\/de\/wp-content\/uploads\/sites\/6\/2019\/10\/duyos_home-300x106.jpg\" alt=\"\" width=\"634\" height=\"224\" srcset=\"https:\/\/www.puravidauniversity.eu\/de\/wp-content\/uploads\/sites\/6\/2019\/10\/duyos_home-300x106.jpg 300w, https:\/\/www.puravidauniversity.eu\/de\/wp-content\/uploads\/sites\/6\/2019\/10\/duyos_home-768x271.jpg 768w, https:\/\/www.puravidauniversity.eu\/de\/wp-content\/uploads\/sites\/6\/2019\/10\/duyos_home.jpg 1000w\" sizes=\"(max-width: 634px) 100vw, 634px\" \/><\/a><\/p>\n<p>\u00a0<\/p>\n<p>\u00a0<\/p>\n<p>\u00a0<\/p>\n<div style=\"width: 100%; margin: 0 auto;\">\n<div style=\"width: 100%; margin: 0 auto;\">\n<div style=\"width: 48%; float: left;\">\n<p><a href=\"https:\/\/www.puravidauniversity.eu\/de\/schulungsmabnahmen\/\"><img class=\"home_img\" style=\"padding-left: 2%;\" src=\"https:\/\/www.puravidauniversity.eu\/de\/wp-content\/uploads\/sites\/6\/2017\/02\/schulung.jpg\" alt=\"Schulungsma\u00dfnahmen. Costa Rica\" width=\"100%\" \/><\/a><\/p>\n<\/div>\n<div style=\"width: 48%; float: left;\">\n<p><a href=\"https:\/\/www.puravidauniversity.eu\/de\/neuigkeiten-2\/\"><img class=\"home_img\" style=\"padding-left: 2%;\" src=\"https:\/\/www.puravidauniversity.eu\/de\/wp-content\/uploads\/sites\/6\/2017\/02\/neuigkeiten.jpg\" alt=\"Neuigkeiten.Costa Rica\" width=\"100%\" \/><\/a><\/p>\n<\/div>\n<\/div>\n<div style=\"width: 100%; margin: 0 auto;\">\n<div style=\"width: 48%; float: left;\">\n<p><a href=\"https:\/\/www.puravidauniversity.eu\/de\/videos-und-bilder\/\"><img loading=\"lazy\" class=\"home_img alignnone\" style=\"padding-left: 2%;\" src=\"https:\/\/www.puravidauniversity.eu\/de\/wp-content\/uploads\/sites\/6\/2017\/02\/videos.jpg\" alt=\"videos.Costa Rica\" width=\"700\" height=\"400\" \/><\/a><\/p>\n<\/div>\n<div style=\"width: 48%; float: left;\">\n<p><a href=\"https:\/\/www.puravidauniversity.eu\/de\/broschuren-2\/\"><img loading=\"lazy\" class=\"home_img alignnone\" style=\"padding-left: 2%;\" src=\"https:\/\/www.puravidauniversity.eu\/de\/wp-content\/uploads\/sites\/6\/2017\/02\/broschuren.jpg\" alt=\"Broschuren.Costa Rica\" width=\"700\" height=\"400\" \/><\/a><\/p>\n<\/div>\n<\/div>\n<div style=\"width: 100%; margin: 0 auto;\">\n<div style=\"width: 48%; float: left;\">\n<p><a href=\"https:\/\/www.puravidauniversity.eu\/de\/themen-und-produkte\/\"><img loading=\"lazy\" class=\"home_img alignnone\" style=\"padding-left: 2%;\" src=\"https:\/\/www.puravidauniversity.eu\/de\/wp-content\/uploads\/sites\/6\/2017\/02\/produkte.jpg\" alt=\"Themen und Produkte.Costa Rica\" width=\"700\" height=\"400\" \/><\/a><\/p>\n<\/div>\n<div style=\"width: 48%; float: left;\">\n<p><a href=\"https:\/\/www.puravidauniversity.eu\/de\/allgemeine-informationen\/\"><img loading=\"lazy\" class=\"home_img alignnone\" style=\"padding-left: 2%;\" src=\"https:\/\/www.puravidauniversity.eu\/de\/wp-content\/uploads\/sites\/6\/2017\/03\/allgemeine-informationen.jpg\" alt=\"Allgemeine Informationen.Costa Rica\" width=\"700\" height=\"400\" \/><\/a><\/p>\n<\/div>\n<\/div>\n<div style=\"width: 100%; margin: 0 auto;\">\n<div style=\"width: 96%; float: left;\">\n<p><a href=\"https:\/\/www.puravidauniversity.eu\/de\/eventkalender\/\"><img loading=\"lazy\" class=\"home_img alignnone\" style=\"padding-left: 1%; padding-bottom: 5%;\" src=\"https:\/\/www.puravidauniversity.eu\/de\/wp-content\/uploads\/sites\/6\/2017\/02\/eventkalender1414X400.jpg\" alt=\"Eventkalender.Costa Rica\" width=\"1414\" height=\"400\" \/><\/a><\/p>\n<\/div>\n<\/div>\n<\/div>\n<p>\u00a0<\/p>\n<div style=\"height: 10%;\">\u00a0<\/div>\n\n\n<p><\/p>\n","protected":false},"excerpt":{"rendered":"<p>Ein offizielles Portal f\u00fcr die deutschsprachige Reisebranche Die Pura Vida University wurde mit dem Ziel ins Leben gerufen, Lerninhalte f\u00fcr den europ\u00e4ischen Markt im Bereich Tourismus zu vereinheitlichen. \u00a0 \u00a0 \u00a0 \u00a0 \u00a0 \u00a0 \u00a0 \u00a0<\/p>\n","protected":false},"author":1,"featured_media":0,"parent":0,"menu_order":0,"comment_status":"closed","ping_status":"closed","template":"","meta":[],"_links":{"self":[{"href":"https:\/\/www.puravidauniversity.eu\/de\/wp-json\/wp\/v2\/pages\/1085"}],"collection":[{"href":"https:\/\/www.puravidauniversity.eu\/de\/wp-json\/wp\/v2\/pages"}],"about":[{"href":"https:\/\/www.puravidauniversity.eu\/de\/wp-json\/wp\/v2\/types\/page"}],"author":[{"embeddable":true,"href":"https:\/\/www.puravidauniversity.eu\/de\/wp-json\/wp\/v2\/users\/1"}],"replies":[{"embeddable":true,"href":"https:\/\/www.puravidauniversity.eu\/de\/wp-json\/wp\/v2\/comments?post=1085"}],"version-history":[{"count":34,"href":"https:\/\/www.puravidauniversity.eu\/de\/wp-json\/wp\/v2\/pages\/1085\/revisions"}],"predecessor-version":[{"id":1613,"href":"https:\/\/www.puravidauniversity.eu\/de\/wp-json\/wp\/v2\/pages\/1085\/revisions\/1613"}],"wp:attachment":[{"href":"https:\/\/www.puravidauniversity.eu\/de\/wp-json\/wp\/v2\/media?parent=1085"}],"curies":[{"name":"wp","href":"https:\/\/api.w.org\/{rel}","templated":true}]}}